{"id":908,"date":"2024-09-10T14:40:34","date_gmt":"2024-09-10T21:40:34","guid":{"rendered":"https:\/\/hygeaherbs.com\/?post_type=product&#038;p=908"},"modified":"2024-10-21T21:03:18","modified_gmt":"2024-10-22T04:03:18","slug":"herbal-harmony-votre-parcours-de-guerison-personnalise","status":"publish","type":"product","link":"https:\/\/hygeaherbs.com\/fr\/produit\/herbal-harmony-votre-parcours-de-guerison-personnalise\/","title":{"rendered":"Herbal Harmony: Votre parcours de gu\u00e9rison personnalis\u00e9"},"content":{"rendered":"<h4>Herbal Harmony: Votre parcours de vitalit\u00e9 et sant\u00e9<\/h4>\n<p><strong>abonnement de 3 mois (seulement 10 places disponibles)<\/strong> D\u00e9couvrez Herbal Harmony : Votre parcours de vitalit\u00e9 et sant\u00e9. Programme exclusif de 12 semaines pour des consultations de bien-\u00eatre sur mesure.<\/p>\n<ul>\n<li>Adapt\u00e9 pour soutenir vos conditions de sant\u00e9 et pr\u00e9occupations sp\u00e9cifiques de mani\u00e8re holistique.<\/li>\n<li>Conseils d&rsquo;experts sur les aliments vivants et sains.<\/li>\n<li>Acc\u00e8s personnalis\u00e9 \u00e0 une professionnelle certifi\u00e9e en naturopathie, herboristerie et m\u00e9ditation.<\/li>\n<li>Progr\u00e8s suivis avec des mises \u00e0 jour et des aper\u00e7us en temps r\u00e9el pour vous maintenir motiv\u00e9 et soutenu \u00e9motionnellement.<\/li>\n<li>Consultations vid\u00e9o virtuelles sur le bien-\u00eatre holistique ainsi que des retours \u00e9crits par courriel.<\/li>\n<li>Revue quotidienne de vos notes de sant\u00e9 et de vos progr\u00e8s.<\/li>\n<li>Recommandations en m\u00e9decine herbolistique adapt\u00e9es aux besoins de votre corps.<\/li>\n<li>Les recherches montrent que les clients obtiennent de meilleurs r\u00e9sultats avec un soutien constant.<\/li>\n<\/ul>\n<p>Confiez-vous \u00e0 un professionnel de la M\u00e9decine Traditionnelle pour vous soutenir \u00e0 chaque \u00e9tape. Vous n&rsquo;\u00eates pas seul dans cette d\u00e9marche ! <strong>Informations suppl\u00e9mentaires:<\/strong><\/p>\n<ul>\n<li>Places limit\u00e9es : seulement 10 places disponibles.<\/li>\n<li>Il est enfin temps de mettre votre sant\u00e9 en priorit\u00e9. Formez-vous avec un professionnel holistique et prenez des mesures qui donneront de v\u00e9ritables r\u00e9sultats.<\/li>\n<li>La valeur totale r\u00e9elle de ce forfait est de plus de 3100 $.<\/li>\n<li>Tarif promotionnel pour une adh\u00e9sion limit\u00e9e : 179,00 $ par mois avec un abonnement de 3 mois (minimum).<\/li>\n<li>D\u00e9verrouillez votre coffre de vitalit\u00e9 pour moins de 6 $ par jour \u2013 le prix d&rsquo;une tasse de caf\u00e9. Vous \u00e9conomisez presque 2600 $<\/li>\n<\/ul>\n<p>&nbsp;<\/p>\n","protected":false},"excerpt":{"rendered":"<p><strong>Abonnement Initial de 3 Mois:<\/strong> L&rsquo;abonnement est de 179 $ par mois, avec un engagement minimum de 3 mois. Veuillez noter que les trois premiers mois ne sont pas remboursables, et les paiements d\u00e9buteront imm\u00e9diatement apr\u00e8s l&rsquo;inscription.<\/p>\n<p><strong>Facturation Mensuelle Continue:<\/strong> Apr\u00e8s la p\u00e9riode initiale de 3 mois, votre abonnement sera automatiquement renouvel\u00e9 au tarif de 179 $ par mois. Les 179 $ seront pr\u00e9lev\u00e9s mensuellement, \u00e0 partir de la fin des 3 mois initiaux.<\/p>\n<p><strong>Politique d&rsquo;Annulation:<\/strong> Vous pouvez annuler votre abonnement \u00e0 tout moment, mais l&rsquo;annulation prendra effet \u00e0 la fin du cycle de facturation en cours.<\/p>\n","protected":false},"featured_media":945,"comment_status":"closed","ping_status":"closed","template":"","meta":{"_et_pb_use_builder":"off","_et_pb_old_content":"<h4>Poudre de Racine de bardane (<em>Arctium lappa<\/em>)<\/h4>\r\n<strong>Traditionally used:<\/strong> \u2022 skin, blood and lymph support \u2022 edema \u2022 fever \u2022 liver detox, liver support \u2022 inflammatory conditions due to toxicity \u2022 promote appetite  digestion \u2022 high cholesterol \u2022 promote detox, including heavy metal detoxification Herbal Constituents: Oligosaccharides such as Inulins are found in Burdock. They function as a soluble dietary fibre  prebiotic which are beneficial food for microbiota and gut mucosa health.  Les inulines aident \u00e0 \u00e9quilibrer la glyc\u00e9mie et les lipides sanguins ; elles peuvent aider \u00e0 pr\u00e9venir l'inflammation des tissus du c\u00f4lon. * Cette section cite Lisa Ganora. Body Systems: \u2022 Cardiovascular Support \u2022 Skin Hair  Nails Support \u2022 Urinary Support \u2022 Immune Support \u2022 Digestive Support","_et_gb_content_width":"","wprm-recipe-roundup-name":"","wprm-recipe-roundup-description":""},"product_brand":[],"product_cat":[70],"product_tag":[],"class_list":{"0":"post-908","1":"product","2":"type-product","3":"status-publish","4":"has-post-thumbnail","6":"product_cat-abonnements","7":"product_shipping_class-abonnement","9":"first","10":"instock","11":"virtual","12":"sold-individually","13":"purchasable","14":"product-type-simple"},"yoast_head":"<!-- This site is optimized with the Yoast SEO Premium plugin v26.5 (Yoast SEO v27.2) - https:\/\/yoast.com\/product\/yoast-seo-premium-wordpress\/ -->\n<title>Herbal Harmony: Votre parcours de gu\u00e9rison personnalis\u00e9 - Hygea Herbs<\/title>\n<meta name=\"robots\" content=\"index, follow, max-snippet:-1, max-image-preview:large, max-video-preview:-1\" \/>\n<link rel=\"canonical\" href=\"https:\/\/hygeaherbs.com\/fr\/produit\/herbal-harmony-votre-parcours-de-guerison-personnalise\/\" \/>\n<meta property=\"og:locale\" content=\"fr_FR\" \/>\n<meta property=\"og:type\" content=\"article\" \/>\n<meta property=\"og:title\" content=\"Herbal Harmony: Votre parcours de gu\u00e9rison personnalis\u00e9\" \/>\n<meta property=\"og:description\" content=\"Abonnement Initial de 3 Mois: L&#039;abonnement est de 179 $ par mois, avec un engagement minimum de 3 mois. Veuillez noter que les trois premiers mois ne sont pas remboursables, et les paiements d\u00e9buteront imm\u00e9diatement apr\u00e8s l&#039;inscription.  Facturation Mensuelle Continue: Apr\u00e8s la p\u00e9riode initiale de 3 mois, votre abonnement sera automatiquement renouvel\u00e9 au tarif de 179 $ par mois. Les 179 $ seront pr\u00e9lev\u00e9s mensuellement, \u00e0 partir de la fin des 3 mois initiaux.  Politique d&#039;Annulation: Vous pouvez annuler votre abonnement \u00e0 tout moment, mais l&#039;annulation prendra effet \u00e0 la fin du cycle de facturation en cours.\" \/>\n<meta property=\"og:url\" content=\"https:\/\/hygeaherbs.com\/fr\/produit\/herbal-harmony-votre-parcours-de-guerison-personnalise\/\" \/>\n<meta property=\"og:site_name\" content=\"Hygea Herbs\" \/>\n<meta property=\"article:publisher\" content=\"https:\/\/www.facebook.com\/profile.php?id=61564719942709\" \/>\n<meta property=\"article:modified_time\" content=\"2024-10-22T04:03:18+00:00\" \/>\n<meta property=\"og:image\" content=\"https:\/\/hygeaherbs.com\/wp-content\/uploads\/2024\/09\/sub-prod.jpg\" \/>\n\t<meta property=\"og:image:width\" content=\"1070\" \/>\n\t<meta property=\"og:image:height\" content=\"1121\" \/>\n\t<meta property=\"og:image:type\" content=\"image\/jpeg\" \/>\n<meta name=\"twitter:card\" content=\"summary_large_image\" \/>\n<meta name=\"twitter:label1\" content=\"Dur\u00e9e de lecture estim\u00e9e\" \/>\n\t<meta name=\"twitter:data1\" content=\"1 minute\" \/>\n<script type=\"application\/ld+json\" class=\"yoast-schema-graph\">{\"@context\":\"https:\/\/schema.org\",\"@graph\":[{\"@type\":\"WebPage\",\"@id\":\"https:\/\/hygeaherbs.com\/fr\/produit\/herbal-harmony-votre-parcours-de-guerison-personnalise\/\",\"url\":\"https:\/\/hygeaherbs.com\/fr\/produit\/herbal-harmony-votre-parcours-de-guerison-personnalise\/\",\"name\":\"Herbal Harmony: Votre parcours de gu\u00e9rison personnalis\u00e9 - Hygea Herbs\",\"isPartOf\":{\"@id\":\"https:\/\/hygeaherbs.com\/fr\/#website\"},\"primaryImageOfPage\":{\"@id\":\"https:\/\/hygeaherbs.com\/fr\/produit\/herbal-harmony-votre-parcours-de-guerison-personnalise\/#primaryimage\"},\"image\":{\"@id\":\"https:\/\/hygeaherbs.com\/fr\/produit\/herbal-harmony-votre-parcours-de-guerison-personnalise\/#primaryimage\"},\"thumbnailUrl\":\"https:\/\/hygeaherbs.com\/wp-content\/uploads\/2024\/09\/sub-prod.jpg\",\"datePublished\":\"2024-09-10T21:40:34+00:00\",\"dateModified\":\"2024-10-22T04:03:18+00:00\",\"breadcrumb\":{\"@id\":\"https:\/\/hygeaherbs.com\/fr\/produit\/herbal-harmony-votre-parcours-de-guerison-personnalise\/#breadcrumb\"},\"inLanguage\":\"fr-FR\",\"potentialAction\":[{\"@type\":\"ReadAction\",\"target\":[\"https:\/\/hygeaherbs.com\/fr\/produit\/herbal-harmony-votre-parcours-de-guerison-personnalise\/\"]}]},{\"@type\":\"ImageObject\",\"inLanguage\":\"fr-FR\",\"@id\":\"https:\/\/hygeaherbs.com\/fr\/produit\/herbal-harmony-votre-parcours-de-guerison-personnalise\/#primaryimage\",\"url\":\"https:\/\/hygeaherbs.com\/wp-content\/uploads\/2024\/09\/sub-prod.jpg\",\"contentUrl\":\"https:\/\/hygeaherbs.com\/wp-content\/uploads\/2024\/09\/sub-prod.jpg\",\"width\":1070,\"height\":1121},{\"@type\":\"BreadcrumbList\",\"@id\":\"https:\/\/hygeaherbs.com\/fr\/produit\/herbal-harmony-votre-parcours-de-guerison-personnalise\/#breadcrumb\",\"itemListElement\":[{\"@type\":\"ListItem\",\"position\":1,\"name\":\"Home\",\"item\":\"https:\/\/hygeaherbs.com\/fr\/\"},{\"@type\":\"ListItem\",\"position\":2,\"name\":\"Boutique\",\"item\":\"https:\/\/hygeaherbs.com\/fr\/boutique\/\"},{\"@type\":\"ListItem\",\"position\":3,\"name\":\"Herbal Harmony: Votre parcours de gu\u00e9rison personnalis\u00e9\"}]},{\"@type\":\"WebSite\",\"@id\":\"https:\/\/hygeaherbs.com\/fr\/#website\",\"url\":\"https:\/\/hygeaherbs.com\/fr\/\",\"name\":\"Hygea Herbs\",\"description\":\"Website\",\"publisher\":{\"@id\":\"https:\/\/hygeaherbs.com\/fr\/#organization\"},\"potentialAction\":[{\"@type\":\"SearchAction\",\"target\":{\"@type\":\"EntryPoint\",\"urlTemplate\":\"https:\/\/hygeaherbs.com\/fr\/?s={search_term_string}\"},\"query-input\":{\"@type\":\"PropertyValueSpecification\",\"valueRequired\":true,\"valueName\":\"search_term_string\"}}],\"inLanguage\":\"fr-FR\"},{\"@type\":\"Organization\",\"@id\":\"https:\/\/hygeaherbs.com\/fr\/#organization\",\"name\":\"Hygea Herbs\",\"url\":\"https:\/\/hygeaherbs.com\/fr\/\",\"logo\":{\"@type\":\"ImageObject\",\"inLanguage\":\"fr-FR\",\"@id\":\"https:\/\/hygeaherbs.com\/fr\/#\/schema\/logo\/image\/\",\"url\":\"https:\/\/hygeaherbs.com\/wp-content\/uploads\/2024\/10\/hygea_favicon.jpg\",\"contentUrl\":\"https:\/\/hygeaherbs.com\/wp-content\/uploads\/2024\/10\/hygea_favicon.jpg\",\"width\":512,\"height\":512,\"caption\":\"Hygea Herbs\"},\"image\":{\"@id\":\"https:\/\/hygeaherbs.com\/fr\/#\/schema\/logo\/image\/\"},\"sameAs\":[\"https:\/\/www.facebook.com\/profile.php?id=61564719942709\"]}]}<\/script>\n<!-- \/ Yoast SEO Premium plugin. -->","yoast_head_json":{"title":"Herbal Harmony: Votre parcours de gu\u00e9rison personnalis\u00e9 - Hygea Herbs","robots":{"index":"index","follow":"follow","max-snippet":"max-snippet:-1","max-image-preview":"max-image-preview:large","max-video-preview":"max-video-preview:-1"},"canonical":"https:\/\/hygeaherbs.com\/fr\/produit\/herbal-harmony-votre-parcours-de-guerison-personnalise\/","og_locale":"fr_FR","og_type":"article","og_title":"Herbal Harmony: Votre parcours de gu\u00e9rison personnalis\u00e9","og_description":"Abonnement Initial de 3 Mois: L'abonnement est de 179 $ par mois, avec un engagement minimum de 3 mois. Veuillez noter que les trois premiers mois ne sont pas remboursables, et les paiements d\u00e9buteront imm\u00e9diatement apr\u00e8s l'inscription.  Facturation Mensuelle Continue: Apr\u00e8s la p\u00e9riode initiale de 3 mois, votre abonnement sera automatiquement renouvel\u00e9 au tarif de 179 $ par mois. Les 179 $ seront pr\u00e9lev\u00e9s mensuellement, \u00e0 partir de la fin des 3 mois initiaux.  Politique d'Annulation: Vous pouvez annuler votre abonnement \u00e0 tout moment, mais l'annulation prendra effet \u00e0 la fin du cycle de facturation en cours.","og_url":"https:\/\/hygeaherbs.com\/fr\/produit\/herbal-harmony-votre-parcours-de-guerison-personnalise\/","og_site_name":"Hygea Herbs","article_publisher":"https:\/\/www.facebook.com\/profile.php?id=61564719942709","article_modified_time":"2024-10-22T04:03:18+00:00","og_image":[{"width":1070,"height":1121,"url":"https:\/\/hygeaherbs.com\/wp-content\/uploads\/2024\/09\/sub-prod.jpg","type":"image\/jpeg"}],"twitter_card":"summary_large_image","twitter_misc":{"Dur\u00e9e de lecture estim\u00e9e":"1 minute"},"schema":{"@context":"https:\/\/schema.org","@graph":[{"@type":"WebPage","@id":"https:\/\/hygeaherbs.com\/fr\/produit\/herbal-harmony-votre-parcours-de-guerison-personnalise\/","url":"https:\/\/hygeaherbs.com\/fr\/produit\/herbal-harmony-votre-parcours-de-guerison-personnalise\/","name":"Herbal Harmony: Votre parcours de gu\u00e9rison personnalis\u00e9 - Hygea Herbs","isPartOf":{"@id":"https:\/\/hygeaherbs.com\/fr\/#website"},"primaryImageOfPage":{"@id":"https:\/\/hygeaherbs.com\/fr\/produit\/herbal-harmony-votre-parcours-de-guerison-personnalise\/#primaryimage"},"image":{"@id":"https:\/\/hygeaherbs.com\/fr\/produit\/herbal-harmony-votre-parcours-de-guerison-personnalise\/#primaryimage"},"thumbnailUrl":"https:\/\/hygeaherbs.com\/wp-content\/uploads\/2024\/09\/sub-prod.jpg","datePublished":"2024-09-10T21:40:34+00:00","dateModified":"2024-10-22T04:03:18+00:00","breadcrumb":{"@id":"https:\/\/hygeaherbs.com\/fr\/produit\/herbal-harmony-votre-parcours-de-guerison-personnalise\/#breadcrumb"},"inLanguage":"fr-FR","potentialAction":[{"@type":"ReadAction","target":["https:\/\/hygeaherbs.com\/fr\/produit\/herbal-harmony-votre-parcours-de-guerison-personnalise\/"]}]},{"@type":"ImageObject","inLanguage":"fr-FR","@id":"https:\/\/hygeaherbs.com\/fr\/produit\/herbal-harmony-votre-parcours-de-guerison-personnalise\/#primaryimage","url":"https:\/\/hygeaherbs.com\/wp-content\/uploads\/2024\/09\/sub-prod.jpg","contentUrl":"https:\/\/hygeaherbs.com\/wp-content\/uploads\/2024\/09\/sub-prod.jpg","width":1070,"height":1121},{"@type":"BreadcrumbList","@id":"https:\/\/hygeaherbs.com\/fr\/produit\/herbal-harmony-votre-parcours-de-guerison-personnalise\/#breadcrumb","itemListElement":[{"@type":"ListItem","position":1,"name":"Home","item":"https:\/\/hygeaherbs.com\/fr\/"},{"@type":"ListItem","position":2,"name":"Boutique","item":"https:\/\/hygeaherbs.com\/fr\/boutique\/"},{"@type":"ListItem","position":3,"name":"Herbal Harmony: Votre parcours de gu\u00e9rison personnalis\u00e9"}]},{"@type":"WebSite","@id":"https:\/\/hygeaherbs.com\/fr\/#website","url":"https:\/\/hygeaherbs.com\/fr\/","name":"Hygea Herbs","description":"Website","publisher":{"@id":"https:\/\/hygeaherbs.com\/fr\/#organization"},"potentialAction":[{"@type":"SearchAction","target":{"@type":"EntryPoint","urlTemplate":"https:\/\/hygeaherbs.com\/fr\/?s={search_term_string}"},"query-input":{"@type":"PropertyValueSpecification","valueRequired":true,"valueName":"search_term_string"}}],"inLanguage":"fr-FR"},{"@type":"Organization","@id":"https:\/\/hygeaherbs.com\/fr\/#organization","name":"Hygea Herbs","url":"https:\/\/hygeaherbs.com\/fr\/","logo":{"@type":"ImageObject","inLanguage":"fr-FR","@id":"https:\/\/hygeaherbs.com\/fr\/#\/schema\/logo\/image\/","url":"https:\/\/hygeaherbs.com\/wp-content\/uploads\/2024\/10\/hygea_favicon.jpg","contentUrl":"https:\/\/hygeaherbs.com\/wp-content\/uploads\/2024\/10\/hygea_favicon.jpg","width":512,"height":512,"caption":"Hygea Herbs"},"image":{"@id":"https:\/\/hygeaherbs.com\/fr\/#\/schema\/logo\/image\/"},"sameAs":["https:\/\/www.facebook.com\/profile.php?id=61564719942709"]}]}},"_links":{"self":[{"href":"https:\/\/hygeaherbs.com\/fr\/wp-json\/wp\/v2\/product\/908","targetHints":{"allow":["GET"]}}],"collection":[{"href":"https:\/\/hygeaherbs.com\/fr\/wp-json\/wp\/v2\/product"}],"about":[{"href":"https:\/\/hygeaherbs.com\/fr\/wp-json\/wp\/v2\/types\/product"}],"replies":[{"embeddable":true,"href":"https:\/\/hygeaherbs.com\/fr\/wp-json\/wp\/v2\/comments?post=908"}],"wp:featuredmedia":[{"embeddable":true,"href":"https:\/\/hygeaherbs.com\/fr\/wp-json\/wp\/v2\/media\/945"}],"wp:attachment":[{"href":"https:\/\/hygeaherbs.com\/fr\/wp-json\/wp\/v2\/media?parent=908"}],"wp:term":[{"taxonomy":"product_brand","embeddable":true,"href":"https:\/\/hygeaherbs.com\/fr\/wp-json\/wp\/v2\/product_brand?post=908"},{"taxonomy":"product_cat","embeddable":true,"href":"https:\/\/hygeaherbs.com\/fr\/wp-json\/wp\/v2\/product_cat?post=908"},{"taxonomy":"product_tag","embeddable":true,"href":"https:\/\/hygeaherbs.com\/fr\/wp-json\/wp\/v2\/product_tag?post=908"}],"curies":[{"name":"wp","href":"https:\/\/api.w.org\/{rel}","templated":true}]}}