{"id":637,"date":"2024-05-01T12:42:10","date_gmt":"2024-05-01T12:42:10","guid":{"rendered":"https:\/\/hygeaherbs.com\/product\/poudre-de-racine-de-bardane\/"},"modified":"2024-07-11T13:39:24","modified_gmt":"2024-07-11T13:39:24","slug":"poudre-de-racine-de-bardane","status":"publish","type":"product","link":"https:\/\/hygeaherbs.com\/fr\/produit\/poudre-de-racine-de-bardane\/","title":{"rendered":"Poudre de Racine de bardane"},"content":{"rendered":"<h4>Poudre de Racine de bardane (<em>Arctium lappa<\/em>)<\/h4>\n<p><strong>Utilis\u00e9e traditionnellement :<\/strong><\/p>\n<p>\u2022 soutien pour la peau, le sang et le syst\u00e8me lymphatique<br \/>\n\u2022 \u0153d\u00e8me<br \/>\n\u2022 fi\u00e8vre<br \/>\n\u2022 d\u00e9toxification du foie, soutien du foie<br \/>\n\u2022 affections inflammatoires dues \u00e0 la toxicit\u00e9<br \/>\n\u2022 stimulation de l&rsquo;app\u00e9tit et de la digestion<br \/>\n\u2022 cholest\u00e9rol \u00e9lev\u00e9<br \/>\n\u2022 promotion de la d\u00e9toxification, y compris la d\u00e9toxification des m\u00e9taux lourds<\/p>\n<p>Constituants de la plante :<\/p>\n<p>Les oligosaccharides tels que les inulines se trouvent dans la bardane.<\/p>\n<p>Ils fonctionnent comme des fibres alimentaires solubles et des pr\u00e9biotiques qui sont<br \/>\ndes aliments b\u00e9n\u00e9fiques pour la microbiote et la sant\u00e9 de la muqueuse intestinale.<br \/>\nLes inulines aident \u00e0 \u00e9quilibrer la glyc\u00e9mie et les lipides sanguins ; elles peuvent aider \u00e0 pr\u00e9venir l&rsquo;inflammation des tissus du c\u00f4lon.<\/p>\n<p>* Cette section cite Lisa Ganora.<\/p>\n<p>Syst\u00e8mes corporels :<\/p>\n<p>\u2022 Support Cardiovasculaire<br \/>\n\u2022 Soutien pour la peau, cheveux et ongles<br \/>\n\u2022 Support Urinaire<br \/>\n\u2022 Soutien immunitaire<br \/>\n\u2022 Support Digestif<\/p>\n","protected":false},"excerpt":{"rendered":"<p><strong>Instructions:<\/strong><\/p>\n<p>2-6 grammes, 3 fois par jour. Consommez comme aliment avec des smoothies et des flocons d&rsquo;avoine ou, m\u00e9langez dans de l&rsquo;eau ti\u00e8de et buvez.<\/p>\n","protected":false},"featured_media":2350,"comment_status":"closed","ping_status":"closed","template":"","meta":{"_et_pb_use_builder":"off","_et_pb_old_content":"<h4>Poudre de Racine de bardane (<em>Arctium lappa<\/em>)<\/h4>\n<strong>Utilis\u00e9e traditionnellement :<\/strong>\n\n\u2022 soutien pour la peau, le sang et le syst\u00e8me lymphatique\n\u2022 \u0153d\u00e8me\n\u2022 fi\u00e8vre\n\u2022 d\u00e9toxification du foie, soutien du foie\n\u2022 affections inflammatoires dues \u00e0 la toxicit\u00e9\n\u2022 stimulation de l'app\u00e9tit et de la digestion\n\u2022 cholest\u00e9rol \u00e9lev\u00e9\n\u2022 promotion de la d\u00e9toxification, y compris la d\u00e9toxification des m\u00e9taux lourds\n\nConstituants de la plante :\n\nLes oligosaccharides tels que les inulines se trouvent dans la bardane.\n\nIls fonctionnent comme des fibres alimentaires solubles et des pr\u00e9biotiques qui sont\ndes aliments b\u00e9n\u00e9fiques pour la microbiote et la sant\u00e9 de la muqueuse intestinale.\nLes inulines aident \u00e0 \u00e9quilibrer la glyc\u00e9mie et les lipides sanguins ; elles peuvent aider \u00e0 pr\u00e9venir l'inflammation des tissus du c\u00f4lon.\n\n* Cette section cite Lisa Ganora.\n\nSyst\u00e8mes corporels :\n\n\u2022 Support Cardiovasculaire\n\u2022 Soutien pour la peau, cheveux et ongles\n\u2022 Support Urinaire\n\u2022 Soutien immunitaire\n\u2022 Support Digestif","_et_gb_content_width":"","wprm-recipe-roundup-name":"","wprm-recipe-roundup-description":""},"product_brand":[],"product_cat":[49],"product_tag":[65,56,61,57,53,59],"class_list":{"0":"post-637","1":"product","2":"type-product","3":"status-publish","4":"has-post-thumbnail","6":"product_cat-poudres-capsules-herboristes","7":"product_tag-peau","8":"product_tag-sante-neurologique-stress","9":"product_tag-support-de-la-peau-cheveux-ongles","10":"product_tag-support-digestif","11":"product_tag-support-immunitaire","12":"product_tag-support-respiratoire","14":"first","15":"instock","16":"taxable","17":"shipping-taxable","18":"purchasable","19":"product-type-variable"},"yoast_head":"<!-- This site is optimized with the Yoast SEO Premium plugin v26.5 (Yoast SEO v27.2) - https:\/\/yoast.com\/product\/yoast-seo-premium-wordpress\/ -->\n<title>Poudre de Racine de bardane - Hygea Herbs<\/title>\n<meta name=\"robots\" content=\"index, follow, max-snippet:-1, max-image-preview:large, max-video-preview:-1\" \/>\n<link rel=\"canonical\" href=\"https:\/\/hygeaherbs.com\/fr\/produit\/poudre-de-racine-de-bardane\/\" \/>\n<meta property=\"og:locale\" content=\"fr_FR\" \/>\n<meta property=\"og:type\" content=\"article\" \/>\n<meta property=\"og:title\" content=\"Poudre de Racine de bardane\" \/>\n<meta property=\"og:description\" content=\"Instructions: 2-6 grammes, 3 fois par jour. Consommez comme aliment avec des smoothies et des flocons d&#039;avoine ou, m\u00e9langez dans de l&#039;eau ti\u00e8de et buvez.\" \/>\n<meta property=\"og:url\" content=\"https:\/\/hygeaherbs.com\/fr\/produit\/poudre-de-racine-de-bardane\/\" \/>\n<meta property=\"og:site_name\" content=\"Hygea Herbs\" \/>\n<meta property=\"article:publisher\" content=\"https:\/\/www.facebook.com\/profile.php?id=61564719942709\" \/>\n<meta property=\"article:modified_time\" content=\"2024-07-11T13:39:24+00:00\" \/>\n<meta property=\"og:image\" content=\"https:\/\/hygeaherbs.com\/wp-content\/uploads\/2024\/05\/3.png\" \/>\n\t<meta property=\"og:image:width\" content=\"1080\" \/>\n\t<meta property=\"og:image:height\" content=\"1080\" \/>\n\t<meta property=\"og:image:type\" content=\"image\/png\" \/>\n<meta name=\"twitter:card\" content=\"summary_large_image\" \/>\n<meta name=\"twitter:label1\" content=\"Dur\u00e9e de lecture estim\u00e9e\" \/>\n\t<meta name=\"twitter:data1\" content=\"1 minute\" \/>\n<script type=\"application\/ld+json\" class=\"yoast-schema-graph\">{\"@context\":\"https:\/\/schema.org\",\"@graph\":[{\"@type\":\"WebPage\",\"@id\":\"https:\/\/hygeaherbs.com\/fr\/produit\/poudre-de-racine-de-bardane\/\",\"url\":\"https:\/\/hygeaherbs.com\/fr\/produit\/poudre-de-racine-de-bardane\/\",\"name\":\"Poudre de Racine de bardane - Hygea Herbs\",\"isPartOf\":{\"@id\":\"https:\/\/hygeaherbs.com\/fr\/#website\"},\"primaryImageOfPage\":{\"@id\":\"https:\/\/hygeaherbs.com\/fr\/produit\/poudre-de-racine-de-bardane\/#primaryimage\"},\"image\":{\"@id\":\"https:\/\/hygeaherbs.com\/fr\/produit\/poudre-de-racine-de-bardane\/#primaryimage\"},\"thumbnailUrl\":\"https:\/\/hygeaherbs.com\/wp-content\/uploads\/2024\/05\/3.png\",\"datePublished\":\"2024-05-01T12:42:10+00:00\",\"dateModified\":\"2024-07-11T13:39:24+00:00\",\"breadcrumb\":{\"@id\":\"https:\/\/hygeaherbs.com\/fr\/produit\/poudre-de-racine-de-bardane\/#breadcrumb\"},\"inLanguage\":\"fr-FR\",\"potentialAction\":[{\"@type\":\"ReadAction\",\"target\":[\"https:\/\/hygeaherbs.com\/fr\/produit\/poudre-de-racine-de-bardane\/\"]}]},{\"@type\":\"ImageObject\",\"inLanguage\":\"fr-FR\",\"@id\":\"https:\/\/hygeaherbs.com\/fr\/produit\/poudre-de-racine-de-bardane\/#primaryimage\",\"url\":\"https:\/\/hygeaherbs.com\/wp-content\/uploads\/2024\/05\/3.png\",\"contentUrl\":\"https:\/\/hygeaherbs.com\/wp-content\/uploads\/2024\/05\/3.png\",\"width\":1080,\"height\":1080},{\"@type\":\"BreadcrumbList\",\"@id\":\"https:\/\/hygeaherbs.com\/fr\/produit\/poudre-de-racine-de-bardane\/#breadcrumb\",\"itemListElement\":[{\"@type\":\"ListItem\",\"position\":1,\"name\":\"Home\",\"item\":\"https:\/\/hygeaherbs.com\/fr\/\"},{\"@type\":\"ListItem\",\"position\":2,\"name\":\"Boutique\",\"item\":\"https:\/\/hygeaherbs.com\/fr\/boutique\/\"},{\"@type\":\"ListItem\",\"position\":3,\"name\":\"Poudre de Racine de bardane\"}]},{\"@type\":\"WebSite\",\"@id\":\"https:\/\/hygeaherbs.com\/fr\/#website\",\"url\":\"https:\/\/hygeaherbs.com\/fr\/\",\"name\":\"Hygea Herbs\",\"description\":\"Website\",\"publisher\":{\"@id\":\"https:\/\/hygeaherbs.com\/fr\/#organization\"},\"potentialAction\":[{\"@type\":\"SearchAction\",\"target\":{\"@type\":\"EntryPoint\",\"urlTemplate\":\"https:\/\/hygeaherbs.com\/fr\/?s={search_term_string}\"},\"query-input\":{\"@type\":\"PropertyValueSpecification\",\"valueRequired\":true,\"valueName\":\"search_term_string\"}}],\"inLanguage\":\"fr-FR\"},{\"@type\":\"Organization\",\"@id\":\"https:\/\/hygeaherbs.com\/fr\/#organization\",\"name\":\"Hygea Herbs\",\"url\":\"https:\/\/hygeaherbs.com\/fr\/\",\"logo\":{\"@type\":\"ImageObject\",\"inLanguage\":\"fr-FR\",\"@id\":\"https:\/\/hygeaherbs.com\/fr\/#\/schema\/logo\/image\/\",\"url\":\"https:\/\/hygeaherbs.com\/wp-content\/uploads\/2024\/10\/hygea_favicon.jpg\",\"contentUrl\":\"https:\/\/hygeaherbs.com\/wp-content\/uploads\/2024\/10\/hygea_favicon.jpg\",\"width\":512,\"height\":512,\"caption\":\"Hygea Herbs\"},\"image\":{\"@id\":\"https:\/\/hygeaherbs.com\/fr\/#\/schema\/logo\/image\/\"},\"sameAs\":[\"https:\/\/www.facebook.com\/profile.php?id=61564719942709\"]}]}<\/script>\n<!-- \/ Yoast SEO Premium plugin. -->","yoast_head_json":{"title":"Poudre de Racine de bardane - Hygea Herbs","robots":{"index":"index","follow":"follow","max-snippet":"max-snippet:-1","max-image-preview":"max-image-preview:large","max-video-preview":"max-video-preview:-1"},"canonical":"https:\/\/hygeaherbs.com\/fr\/produit\/poudre-de-racine-de-bardane\/","og_locale":"fr_FR","og_type":"article","og_title":"Poudre de Racine de bardane","og_description":"Instructions: 2-6 grammes, 3 fois par jour. Consommez comme aliment avec des smoothies et des flocons d'avoine ou, m\u00e9langez dans de l'eau ti\u00e8de et buvez.","og_url":"https:\/\/hygeaherbs.com\/fr\/produit\/poudre-de-racine-de-bardane\/","og_site_name":"Hygea Herbs","article_publisher":"https:\/\/www.facebook.com\/profile.php?id=61564719942709","article_modified_time":"2024-07-11T13:39:24+00:00","og_image":[{"width":1080,"height":1080,"url":"https:\/\/hygeaherbs.com\/wp-content\/uploads\/2024\/05\/3.png","type":"image\/png"}],"twitter_card":"summary_large_image","twitter_misc":{"Dur\u00e9e de lecture estim\u00e9e":"1 minute"},"schema":{"@context":"https:\/\/schema.org","@graph":[{"@type":"WebPage","@id":"https:\/\/hygeaherbs.com\/fr\/produit\/poudre-de-racine-de-bardane\/","url":"https:\/\/hygeaherbs.com\/fr\/produit\/poudre-de-racine-de-bardane\/","name":"Poudre de Racine de bardane - Hygea Herbs","isPartOf":{"@id":"https:\/\/hygeaherbs.com\/fr\/#website"},"primaryImageOfPage":{"@id":"https:\/\/hygeaherbs.com\/fr\/produit\/poudre-de-racine-de-bardane\/#primaryimage"},"image":{"@id":"https:\/\/hygeaherbs.com\/fr\/produit\/poudre-de-racine-de-bardane\/#primaryimage"},"thumbnailUrl":"https:\/\/hygeaherbs.com\/wp-content\/uploads\/2024\/05\/3.png","datePublished":"2024-05-01T12:42:10+00:00","dateModified":"2024-07-11T13:39:24+00:00","breadcrumb":{"@id":"https:\/\/hygeaherbs.com\/fr\/produit\/poudre-de-racine-de-bardane\/#breadcrumb"},"inLanguage":"fr-FR","potentialAction":[{"@type":"ReadAction","target":["https:\/\/hygeaherbs.com\/fr\/produit\/poudre-de-racine-de-bardane\/"]}]},{"@type":"ImageObject","inLanguage":"fr-FR","@id":"https:\/\/hygeaherbs.com\/fr\/produit\/poudre-de-racine-de-bardane\/#primaryimage","url":"https:\/\/hygeaherbs.com\/wp-content\/uploads\/2024\/05\/3.png","contentUrl":"https:\/\/hygeaherbs.com\/wp-content\/uploads\/2024\/05\/3.png","width":1080,"height":1080},{"@type":"BreadcrumbList","@id":"https:\/\/hygeaherbs.com\/fr\/produit\/poudre-de-racine-de-bardane\/#breadcrumb","itemListElement":[{"@type":"ListItem","position":1,"name":"Home","item":"https:\/\/hygeaherbs.com\/fr\/"},{"@type":"ListItem","position":2,"name":"Boutique","item":"https:\/\/hygeaherbs.com\/fr\/boutique\/"},{"@type":"ListItem","position":3,"name":"Poudre de Racine de bardane"}]},{"@type":"WebSite","@id":"https:\/\/hygeaherbs.com\/fr\/#website","url":"https:\/\/hygeaherbs.com\/fr\/","name":"Hygea Herbs","description":"Website","publisher":{"@id":"https:\/\/hygeaherbs.com\/fr\/#organization"},"potentialAction":[{"@type":"SearchAction","target":{"@type":"EntryPoint","urlTemplate":"https:\/\/hygeaherbs.com\/fr\/?s={search_term_string}"},"query-input":{"@type":"PropertyValueSpecification","valueRequired":true,"valueName":"search_term_string"}}],"inLanguage":"fr-FR"},{"@type":"Organization","@id":"https:\/\/hygeaherbs.com\/fr\/#organization","name":"Hygea Herbs","url":"https:\/\/hygeaherbs.com\/fr\/","logo":{"@type":"ImageObject","inLanguage":"fr-FR","@id":"https:\/\/hygeaherbs.com\/fr\/#\/schema\/logo\/image\/","url":"https:\/\/hygeaherbs.com\/wp-content\/uploads\/2024\/10\/hygea_favicon.jpg","contentUrl":"https:\/\/hygeaherbs.com\/wp-content\/uploads\/2024\/10\/hygea_favicon.jpg","width":512,"height":512,"caption":"Hygea Herbs"},"image":{"@id":"https:\/\/hygeaherbs.com\/fr\/#\/schema\/logo\/image\/"},"sameAs":["https:\/\/www.facebook.com\/profile.php?id=61564719942709"]}]}},"_links":{"self":[{"href":"https:\/\/hygeaherbs.com\/fr\/wp-json\/wp\/v2\/product\/637","targetHints":{"allow":["GET"]}}],"collection":[{"href":"https:\/\/hygeaherbs.com\/fr\/wp-json\/wp\/v2\/product"}],"about":[{"href":"https:\/\/hygeaherbs.com\/fr\/wp-json\/wp\/v2\/types\/product"}],"replies":[{"embeddable":true,"href":"https:\/\/hygeaherbs.com\/fr\/wp-json\/wp\/v2\/comments?post=637"}],"wp:featuredmedia":[{"embeddable":true,"href":"https:\/\/hygeaherbs.com\/fr\/wp-json\/wp\/v2\/media\/2350"}],"wp:attachment":[{"href":"https:\/\/hygeaherbs.com\/fr\/wp-json\/wp\/v2\/media?parent=637"}],"wp:term":[{"taxonomy":"product_brand","embeddable":true,"href":"https:\/\/hygeaherbs.com\/fr\/wp-json\/wp\/v2\/product_brand?post=637"},{"taxonomy":"product_cat","embeddable":true,"href":"https:\/\/hygeaherbs.com\/fr\/wp-json\/wp\/v2\/product_cat?post=637"},{"taxonomy":"product_tag","embeddable":true,"href":"https:\/\/hygeaherbs.com\/fr\/wp-json\/wp\/v2\/product_tag?post=637"}],"curies":[{"name":"wp","href":"https:\/\/api.w.org\/{rel}","templated":true}]}}