{"id":629,"date":"2024-04-12T00:44:23","date_gmt":"2024-04-12T00:44:23","guid":{"rendered":"https:\/\/hygeaherbs.com\/product\/baies-de-sureau\/"},"modified":"2024-05-29T14:40:17","modified_gmt":"2024-05-29T14:40:17","slug":"baies-de-sureau","status":"publish","type":"product","link":"https:\/\/hygeaherbs.com\/fr\/produit\/baies-de-sureau\/","title":{"rendered":"Baies de Sureau"},"content":{"rendered":"<p>[et_pb_section fb_built=\u00a0\u00bb1&Prime; _builder_version=\u00a0\u00bb4.16&Prime; custom_padding=\u00a0\u00bb0px||||false|false\u00a0\u00bb global_colors_info=\u00a0\u00bb{}\u00a0\u00bb][et_pb_row _builder_version=\u00a0\u00bb4.16&Prime; background_size=\u00a0\u00bbinitial\u00a0\u00bb background_position=\u00a0\u00bbtop_left\u00a0\u00bb background_repeat=\u00a0\u00bbrepeat\u00a0\u00bb width=\u00a0\u00bb100%\u00a0\u00bb custom_padding=\u00a0\u00bb0px||0px||false|false\u00a0\u00bb global_colors_info=\u00a0\u00bb{}\u00a0\u00bb][et_pb_column type=\u00a0\u00bb4_4&Prime; _builder_version=\u00a0\u00bb4.16&Prime; custom_padding=\u00a0\u00bb|||\u00a0\u00bb global_colors_info=\u00a0\u00bb{}\u00a0\u00bb custom_padding__hover=\u00a0\u00bb|||\u00a0\u00bb][et_pb_wc_breadcrumb _builder_version=\u00a0\u00bb4.16&Prime; global_colors_info=\u00a0\u00bb{}\u00a0\u00bb][\/et_pb_wc_breadcrumb][et_pb_wc_cart_notice _builder_version=\u00a0\u00bb4.16&Prime; global_colors_info=\u00a0\u00bb{}\u00a0\u00bb][\/et_pb_wc_cart_notice][\/et_pb_column][\/et_pb_row][et_pb_row column_structure=\u00a0\u00bb1_2,1_2&Prime; _builder_version=\u00a0\u00bb4.16&Prime; background_size=\u00a0\u00bbinitial\u00a0\u00bb background_position=\u00a0\u00bbtop_left\u00a0\u00bb background_repeat=\u00a0\u00bbrepeat\u00a0\u00bb width=\u00a0\u00bb100%\u00a0\u00bb custom_padding=\u00a0\u00bb0px||||false|false\u00a0\u00bb global_colors_info=\u00a0\u00bb{}\u00a0\u00bb][et_pb_column type=\u00a0\u00bb1_2&Prime; _builder_version=\u00a0\u00bb4.16&Prime; custom_padding=\u00a0\u00bb|||\u00a0\u00bb global_colors_info=\u00a0\u00bb{}\u00a0\u00bb custom_padding__hover=\u00a0\u00bb|||\u00a0\u00bb][et_pb_wc_images _builder_version=\u00a0\u00bb4.16&Prime; global_colors_info=\u00a0\u00bb{}\u00a0\u00bb][\/et_pb_wc_images][\/et_pb_column][et_pb_column type=\u00a0\u00bb1_2&Prime; _builder_version=\u00a0\u00bb4.16&Prime; custom_padding=\u00a0\u00bb|||\u00a0\u00bb global_colors_info=\u00a0\u00bb{}\u00a0\u00bb custom_padding__hover=\u00a0\u00bb|||\u00a0\u00bb][et_pb_wc_title _builder_version=\u00a0\u00bb4.16&Prime; global_colors_info=\u00a0\u00bb{}\u00a0\u00bb][\/et_pb_wc_title][et_pb_wc_rating _builder_version=\u00a0\u00bb4.16&Prime; global_colors_info=\u00a0\u00bb{}\u00a0\u00bb][\/et_pb_wc_rating][et_pb_wc_price _builder_version=\u00a0\u00bb4.16&Prime; global_colors_info=\u00a0\u00bb{}\u00a0\u00bb][\/et_pb_wc_price][et_pb_wc_description _builder_version=\u00a0\u00bb4.16&Prime; global_colors_info=\u00a0\u00bb{}\u00a0\u00bb][\/et_pb_wc_description][et_pb_wc_add_to_cart _builder_version=\u00a0\u00bb4.24.3&Prime; global_colors_info=\u00a0\u00bb{}\u00a0\u00bb][\/et_pb_wc_add_to_cart][et_pb_wc_meta _builder_version=\u00a0\u00bb4.24.3&Prime; global_colors_info=\u00a0\u00bb{}\u00a0\u00bb][\/et_pb_wc_meta][et_pb_wc_tabs _builder_version=\u00a0\u00bb4.24.3&Prime; global_colors_info=\u00a0\u00bb{}\u00a0\u00bb]\t\t\t\t\t[\/et_pb_wc_tabs][\/et_pb_column][\/et_pb_row][\/et_pb_section]<\/p>\n","protected":false},"excerpt":{"rendered":"<p><strong>Instructions:<\/strong><\/p>\n<p>Permettez au sureau de soutenir votre syst\u00e8me immunitaire et respiratoire. Infusez, filtrez, sentez, go\u00fbtez et appr\u00e9ciez.<br \/>\nUtilisation : Infusez 1 \u00e0 2 cuill\u00e8res \u00e0 caf\u00e9 pendant 15 \u00e0 20 minutes dans une tasse couverte. Les baies peuvent \u00eatre press\u00e9es en jus ou consomm\u00e9es.<\/p>\n<p>La couleur, le go\u00fbt et la consistance peuvent varier d&rsquo;un lot \u00e0 l&rsquo;autre<br \/>\nen raison des variations naturelles. Cela n&rsquo;affecte pas la puissance ou la qualit\u00e9.<\/p>\n<p>Ces informations sont fournies \u00e0 des fins \u00e9ducatives uniquement et ne sont pas destin\u00e9es \u00e0 diagnostiquer, traiter ou gu\u00e9rir une maladie ou une affection. Veuillez consulter votre professionnel de sant\u00e9 avant d&rsquo;utiliser ce produit si vous \u00eates enceinte, allaitez, prenez des m\u00e9dicaments ou avez un probl\u00e8me de sant\u00e9. Les r\u00e9sultats individuels peuvent varier.<\/p>\n","protected":false},"featured_media":2406,"comment_status":"closed","ping_status":"closed","template":"","meta":{"_et_pb_use_builder":"off","_et_pb_old_content":"<h4>Baies de Sureau (<em>Sambucus nigra<\/em>)<\/h4>\n<strong>Utilis\u00e9e traditionnellement :<\/strong>\n\n\u2022 diaphor\u00e9tique\n\u2022 diur\u00e9tique\n\u2022 anti-inflammatoire\n\u2022 laxatif\n\n<strong>Constituants de la plante :<\/strong>\n\n*La cyanidine, un type d'anthocyanidine, qui donne la couleur bleue ou violette \u00e0 de nombreuses fleurs et fruits, y compris les baies de sureau, les baies d'aronia, les m\u00fbres, les myrtilles, les airelles et les groseilles noires. Lorsqu'elles sont ing\u00e9r\u00e9es dans l'alimentation ou prises comme substance th\u00e9rapeutique, les anthocyanines encouragent l'apoptose des cellules canc\u00e9reuses et d\u00e9couragent la m\u00e9tastase (c'est-\u00e0-dire qu'elles sont carcinostatiques). Les chercheurs ont identifi\u00e9 des propri\u00e9t\u00e9s anti-inflammatoires, antioxydantes et veinotoniques dans ces compos\u00e9s, qui ont \u00e9t\u00e9 utilis\u00e9s historiquement pour aider \u00e0 am\u00e9liorer la vision nocturne.\n\n*Les proanthocyanidines oligom\u00e9riques (OPC) ont des propri\u00e9t\u00e9s antioxydantes, anti-inflammatoires, cardiotoniques, astringentes et antimicrobiennes.\n\n*Contient des vitamines A, C et du fer.\n\n*Constituants de la plante, Foundations of Phytochemistry 2\u00e8me \u00e9dition, par Lisa Ganora\n\n<strong>Syst\u00e8mes corporels :<\/strong>\n\n\u2022 Soutien immunitaire\n\u2022 Soutien respiratoire","_et_gb_content_width":"","wprm-recipe-roundup-name":"","wprm-recipe-roundup-description":""},"product_brand":[],"product_cat":[50],"product_tag":[53,59],"class_list":{"0":"post-629","1":"product","2":"type-product","3":"status-publish","4":"has-post-thumbnail","6":"product_cat-tisanes-a-base-dherbes","7":"product_tag-support-immunitaire","8":"product_tag-support-respiratoire","10":"first","11":"instock","12":"taxable","13":"shipping-taxable","14":"purchasable","15":"product-type-variable"},"yoast_head":"<!-- This site is optimized with the Yoast SEO Premium plugin v26.5 (Yoast SEO v27.2) - https:\/\/yoast.com\/product\/yoast-seo-premium-wordpress\/ -->\n<title>Baies de Sureau - Hygea Herbs<\/title>\n<meta name=\"robots\" content=\"index, follow, max-snippet:-1, max-image-preview:large, max-video-preview:-1\" \/>\n<link rel=\"canonical\" href=\"https:\/\/hygeaherbs.com\/fr\/produit\/baies-de-sureau\/\" \/>\n<meta property=\"og:locale\" content=\"fr_FR\" \/>\n<meta property=\"og:type\" content=\"article\" \/>\n<meta property=\"og:title\" content=\"Baies de Sureau\" \/>\n<meta property=\"og:description\" content=\"Instructions: Permettez au sureau de soutenir votre syst\u00e8me immunitaire et respiratoire. Infusez, filtrez, sentez, go\u00fbtez et appr\u00e9ciez. Utilisation : Infusez 1 \u00e0 2 cuill\u00e8res \u00e0 caf\u00e9 pendant 15 \u00e0 20 minutes dans une tasse couverte. Les baies peuvent \u00eatre press\u00e9es en jus ou consomm\u00e9es. La couleur, le go\u00fbt et la consistance peuvent varier d&#039;un lot \u00e0 l&#039;autre en raison des variations naturelles. Cela n&#039;affecte pas la puissance ou la qualit\u00e9. Ces informations sont fournies \u00e0 des fins \u00e9ducatives uniquement et ne sont pas destin\u00e9es \u00e0 diagnostiquer, traiter ou gu\u00e9rir une maladie ou une affection. Veuillez consulter votre professionnel de sant\u00e9 avant d&#039;utiliser ce produit si vous \u00eates enceinte, allaitez, prenez des m\u00e9dicaments ou avez un probl\u00e8me de sant\u00e9. Les r\u00e9sultats individuels peuvent varier.\" \/>\n<meta property=\"og:url\" content=\"https:\/\/hygeaherbs.com\/fr\/produit\/baies-de-sureau\/\" \/>\n<meta property=\"og:site_name\" content=\"Hygea Herbs\" \/>\n<meta property=\"article:publisher\" content=\"https:\/\/www.facebook.com\/profile.php?id=61564719942709\" \/>\n<meta property=\"article:modified_time\" content=\"2024-05-29T14:40:17+00:00\" \/>\n<meta property=\"og:image\" content=\"https:\/\/hygeaherbs.com\/wp-content\/uploads\/2024\/04\/12.png\" \/>\n\t<meta property=\"og:image:width\" content=\"1080\" \/>\n\t<meta property=\"og:image:height\" content=\"1080\" \/>\n\t<meta property=\"og:image:type\" content=\"image\/png\" \/>\n<meta name=\"twitter:card\" content=\"summary_large_image\" \/>\n<meta name=\"twitter:label1\" content=\"Dur\u00e9e de lecture estim\u00e9e\" \/>\n\t<meta name=\"twitter:data1\" content=\"1 minute\" \/>\n<script type=\"application\/ld+json\" class=\"yoast-schema-graph\">{\"@context\":\"https:\/\/schema.org\",\"@graph\":[{\"@type\":\"WebPage\",\"@id\":\"https:\/\/hygeaherbs.com\/fr\/produit\/baies-de-sureau\/\",\"url\":\"https:\/\/hygeaherbs.com\/fr\/produit\/baies-de-sureau\/\",\"name\":\"Baies de Sureau - Hygea Herbs\",\"isPartOf\":{\"@id\":\"https:\/\/hygeaherbs.com\/fr\/#website\"},\"primaryImageOfPage\":{\"@id\":\"https:\/\/hygeaherbs.com\/fr\/produit\/baies-de-sureau\/#primaryimage\"},\"image\":{\"@id\":\"https:\/\/hygeaherbs.com\/fr\/produit\/baies-de-sureau\/#primaryimage\"},\"thumbnailUrl\":\"https:\/\/hygeaherbs.com\/wp-content\/uploads\/2024\/04\/12.png\",\"datePublished\":\"2024-04-12T00:44:23+00:00\",\"dateModified\":\"2024-05-29T14:40:17+00:00\",\"breadcrumb\":{\"@id\":\"https:\/\/hygeaherbs.com\/fr\/produit\/baies-de-sureau\/#breadcrumb\"},\"inLanguage\":\"fr-FR\",\"potentialAction\":[{\"@type\":\"ReadAction\",\"target\":[\"https:\/\/hygeaherbs.com\/fr\/produit\/baies-de-sureau\/\"]}]},{\"@type\":\"ImageObject\",\"inLanguage\":\"fr-FR\",\"@id\":\"https:\/\/hygeaherbs.com\/fr\/produit\/baies-de-sureau\/#primaryimage\",\"url\":\"https:\/\/hygeaherbs.com\/wp-content\/uploads\/2024\/04\/12.png\",\"contentUrl\":\"https:\/\/hygeaherbs.com\/wp-content\/uploads\/2024\/04\/12.png\",\"width\":1080,\"height\":1080},{\"@type\":\"BreadcrumbList\",\"@id\":\"https:\/\/hygeaherbs.com\/fr\/produit\/baies-de-sureau\/#breadcrumb\",\"itemListElement\":[{\"@type\":\"ListItem\",\"position\":1,\"name\":\"Home\",\"item\":\"https:\/\/hygeaherbs.com\/fr\/\"},{\"@type\":\"ListItem\",\"position\":2,\"name\":\"Boutique\",\"item\":\"https:\/\/hygeaherbs.com\/fr\/boutique\/\"},{\"@type\":\"ListItem\",\"position\":3,\"name\":\"Baies de Sureau\"}]},{\"@type\":\"WebSite\",\"@id\":\"https:\/\/hygeaherbs.com\/fr\/#website\",\"url\":\"https:\/\/hygeaherbs.com\/fr\/\",\"name\":\"Hygea Herbs\",\"description\":\"Website\",\"publisher\":{\"@id\":\"https:\/\/hygeaherbs.com\/fr\/#organization\"},\"potentialAction\":[{\"@type\":\"SearchAction\",\"target\":{\"@type\":\"EntryPoint\",\"urlTemplate\":\"https:\/\/hygeaherbs.com\/fr\/?s={search_term_string}\"},\"query-input\":{\"@type\":\"PropertyValueSpecification\",\"valueRequired\":true,\"valueName\":\"search_term_string\"}}],\"inLanguage\":\"fr-FR\"},{\"@type\":\"Organization\",\"@id\":\"https:\/\/hygeaherbs.com\/fr\/#organization\",\"name\":\"Hygea Herbs\",\"url\":\"https:\/\/hygeaherbs.com\/fr\/\",\"logo\":{\"@type\":\"ImageObject\",\"inLanguage\":\"fr-FR\",\"@id\":\"https:\/\/hygeaherbs.com\/fr\/#\/schema\/logo\/image\/\",\"url\":\"https:\/\/hygeaherbs.com\/wp-content\/uploads\/2024\/10\/hygea_favicon.jpg\",\"contentUrl\":\"https:\/\/hygeaherbs.com\/wp-content\/uploads\/2024\/10\/hygea_favicon.jpg\",\"width\":512,\"height\":512,\"caption\":\"Hygea Herbs\"},\"image\":{\"@id\":\"https:\/\/hygeaherbs.com\/fr\/#\/schema\/logo\/image\/\"},\"sameAs\":[\"https:\/\/www.facebook.com\/profile.php?id=61564719942709\"]}]}<\/script>\n<!-- \/ Yoast SEO Premium plugin. -->","yoast_head_json":{"title":"Baies de Sureau - Hygea Herbs","robots":{"index":"index","follow":"follow","max-snippet":"max-snippet:-1","max-image-preview":"max-image-preview:large","max-video-preview":"max-video-preview:-1"},"canonical":"https:\/\/hygeaherbs.com\/fr\/produit\/baies-de-sureau\/","og_locale":"fr_FR","og_type":"article","og_title":"Baies de Sureau","og_description":"Instructions: Permettez au sureau de soutenir votre syst\u00e8me immunitaire et respiratoire. Infusez, filtrez, sentez, go\u00fbtez et appr\u00e9ciez. Utilisation : Infusez 1 \u00e0 2 cuill\u00e8res \u00e0 caf\u00e9 pendant 15 \u00e0 20 minutes dans une tasse couverte. Les baies peuvent \u00eatre press\u00e9es en jus ou consomm\u00e9es. La couleur, le go\u00fbt et la consistance peuvent varier d'un lot \u00e0 l'autre en raison des variations naturelles. Cela n'affecte pas la puissance ou la qualit\u00e9. Ces informations sont fournies \u00e0 des fins \u00e9ducatives uniquement et ne sont pas destin\u00e9es \u00e0 diagnostiquer, traiter ou gu\u00e9rir une maladie ou une affection. Veuillez consulter votre professionnel de sant\u00e9 avant d'utiliser ce produit si vous \u00eates enceinte, allaitez, prenez des m\u00e9dicaments ou avez un probl\u00e8me de sant\u00e9. Les r\u00e9sultats individuels peuvent varier.","og_url":"https:\/\/hygeaherbs.com\/fr\/produit\/baies-de-sureau\/","og_site_name":"Hygea Herbs","article_publisher":"https:\/\/www.facebook.com\/profile.php?id=61564719942709","article_modified_time":"2024-05-29T14:40:17+00:00","og_image":[{"width":1080,"height":1080,"url":"https:\/\/hygeaherbs.com\/wp-content\/uploads\/2024\/04\/12.png","type":"image\/png"}],"twitter_card":"summary_large_image","twitter_misc":{"Dur\u00e9e de lecture estim\u00e9e":"1 minute"},"schema":{"@context":"https:\/\/schema.org","@graph":[{"@type":"WebPage","@id":"https:\/\/hygeaherbs.com\/fr\/produit\/baies-de-sureau\/","url":"https:\/\/hygeaherbs.com\/fr\/produit\/baies-de-sureau\/","name":"Baies de Sureau - Hygea Herbs","isPartOf":{"@id":"https:\/\/hygeaherbs.com\/fr\/#website"},"primaryImageOfPage":{"@id":"https:\/\/hygeaherbs.com\/fr\/produit\/baies-de-sureau\/#primaryimage"},"image":{"@id":"https:\/\/hygeaherbs.com\/fr\/produit\/baies-de-sureau\/#primaryimage"},"thumbnailUrl":"https:\/\/hygeaherbs.com\/wp-content\/uploads\/2024\/04\/12.png","datePublished":"2024-04-12T00:44:23+00:00","dateModified":"2024-05-29T14:40:17+00:00","breadcrumb":{"@id":"https:\/\/hygeaherbs.com\/fr\/produit\/baies-de-sureau\/#breadcrumb"},"inLanguage":"fr-FR","potentialAction":[{"@type":"ReadAction","target":["https:\/\/hygeaherbs.com\/fr\/produit\/baies-de-sureau\/"]}]},{"@type":"ImageObject","inLanguage":"fr-FR","@id":"https:\/\/hygeaherbs.com\/fr\/produit\/baies-de-sureau\/#primaryimage","url":"https:\/\/hygeaherbs.com\/wp-content\/uploads\/2024\/04\/12.png","contentUrl":"https:\/\/hygeaherbs.com\/wp-content\/uploads\/2024\/04\/12.png","width":1080,"height":1080},{"@type":"BreadcrumbList","@id":"https:\/\/hygeaherbs.com\/fr\/produit\/baies-de-sureau\/#breadcrumb","itemListElement":[{"@type":"ListItem","position":1,"name":"Home","item":"https:\/\/hygeaherbs.com\/fr\/"},{"@type":"ListItem","position":2,"name":"Boutique","item":"https:\/\/hygeaherbs.com\/fr\/boutique\/"},{"@type":"ListItem","position":3,"name":"Baies de Sureau"}]},{"@type":"WebSite","@id":"https:\/\/hygeaherbs.com\/fr\/#website","url":"https:\/\/hygeaherbs.com\/fr\/","name":"Hygea Herbs","description":"Website","publisher":{"@id":"https:\/\/hygeaherbs.com\/fr\/#organization"},"potentialAction":[{"@type":"SearchAction","target":{"@type":"EntryPoint","urlTemplate":"https:\/\/hygeaherbs.com\/fr\/?s={search_term_string}"},"query-input":{"@type":"PropertyValueSpecification","valueRequired":true,"valueName":"search_term_string"}}],"inLanguage":"fr-FR"},{"@type":"Organization","@id":"https:\/\/hygeaherbs.com\/fr\/#organization","name":"Hygea Herbs","url":"https:\/\/hygeaherbs.com\/fr\/","logo":{"@type":"ImageObject","inLanguage":"fr-FR","@id":"https:\/\/hygeaherbs.com\/fr\/#\/schema\/logo\/image\/","url":"https:\/\/hygeaherbs.com\/wp-content\/uploads\/2024\/10\/hygea_favicon.jpg","contentUrl":"https:\/\/hygeaherbs.com\/wp-content\/uploads\/2024\/10\/hygea_favicon.jpg","width":512,"height":512,"caption":"Hygea Herbs"},"image":{"@id":"https:\/\/hygeaherbs.com\/fr\/#\/schema\/logo\/image\/"},"sameAs":["https:\/\/www.facebook.com\/profile.php?id=61564719942709"]}]}},"_links":{"self":[{"href":"https:\/\/hygeaherbs.com\/fr\/wp-json\/wp\/v2\/product\/629","targetHints":{"allow":["GET"]}}],"collection":[{"href":"https:\/\/hygeaherbs.com\/fr\/wp-json\/wp\/v2\/product"}],"about":[{"href":"https:\/\/hygeaherbs.com\/fr\/wp-json\/wp\/v2\/types\/product"}],"replies":[{"embeddable":true,"href":"https:\/\/hygeaherbs.com\/fr\/wp-json\/wp\/v2\/comments?post=629"}],"wp:featuredmedia":[{"embeddable":true,"href":"https:\/\/hygeaherbs.com\/fr\/wp-json\/wp\/v2\/media\/2406"}],"wp:attachment":[{"href":"https:\/\/hygeaherbs.com\/fr\/wp-json\/wp\/v2\/media?parent=629"}],"wp:term":[{"taxonomy":"product_brand","embeddable":true,"href":"https:\/\/hygeaherbs.com\/fr\/wp-json\/wp\/v2\/product_brand?post=629"},{"taxonomy":"product_cat","embeddable":true,"href":"https:\/\/hygeaherbs.com\/fr\/wp-json\/wp\/v2\/product_cat?post=629"},{"taxonomy":"product_tag","embeddable":true,"href":"https:\/\/hygeaherbs.com\/fr\/wp-json\/wp\/v2\/product_tag?post=629"}],"curies":[{"name":"wp","href":"https:\/\/api.w.org\/{rel}","templated":true}]}}