{"id":1224,"date":"2024-10-31T11:31:32","date_gmt":"2024-10-31T18:31:32","guid":{"rendered":"https:\/\/hygeaherbs.com\/?post_type=product&#038;p=1224"},"modified":"2024-10-31T12:26:20","modified_gmt":"2024-10-31T19:26:20","slug":"lastragale-copy-2","status":"publish","type":"product","link":"https:\/\/hygeaherbs.com\/fr\/produit\/lastragale-copy-2\/","title":{"rendered":"L&rsquo;astragale (Copy)"},"content":{"rendered":"<h4>L&rsquo;astragale (<em>Astragalus membranaceus<\/em>)<\/h4>\n","protected":false},"excerpt":{"rendered":"<p><strong>Mode d\u2019emploi :<\/strong><\/p>\n<p>Permettez \u00e0 l&rsquo;Astragale de soutenir vos syst\u00e8mes immunitaire, cardiovasculaire, lymphatique, urinaire, respiratoire, digestif et musculo-squelettique. Il est \u00e9galement b\u00e9n\u00e9fique pour la sant\u00e9 reproductive f\u00e9minine. Infusez, filtrez, sentez, go\u00fbtez et appr\u00e9ciez.<\/p>\n<p>Utilisation : Pour pr\u00e9parer une d\u00e9coction, placez 2 \u00e0 4 cuill\u00e8res \u00e0 caf\u00e9 de racine dans 1 tasse d&rsquo;eau, et faites mijoter pendant 15 \u00e0 20 minutes dans une casserole avec un couvercle. \u00c0 boire 3 fois par jour.<\/p>\n<p>La couleur, le go\u00fbt et la consistance d\u2019un lot \u00e0 l\u2019autre, peuvent<br \/>\nvarier en raison des ingr\u00e9dients enti\u00e8rement naturelles de ce<br \/>\nproduit. Cela n\u2019affecte pas la puissance ni la qualit\u00e9.<\/p>\n","protected":false},"featured_media":2410,"comment_status":"closed","ping_status":"closed","template":"","meta":{"_et_pb_use_builder":"off","_et_pb_old_content":"<h4>Burdock Root (<em>Arctium lappa<\/em>)<\/h4>\r\n<strong>Traditionally used:<\/strong>\r\n\r\n\u2022 skin, blood and lymph support\r\n\u2022 edema\r\n\u2022 fever\r\n\u2022 liver detox, liver support\r\n\u2022 inflammatory conditions due to toxicity\r\n\u2022 promote appetite & digestion\r\n\u2022 high cholesterol\r\n\u2022 promote detox, including heavy metal detoxification\r\n\r\nHerbal Constituents:\r\n\r\nOligosaccharides such as Inulins are found in Burdock.\r\n\r\nThey function as a soluble dietary fibre & prebiotic which are\r\nbeneficial food for microbiota and gut mucosa health.\r\nInsulins help balance blood sugar & blood lipids; can help prevent colon tissue inflammation.\r\n\r\n* This section cites Lisa Ganora.\r\n\r\nBody Systems:\r\n\r\n\u2022 Cardiovascular Support\r\n\u2022 Skin Hair & Nails Support\r\n\u2022 Urinary Support\r\n\u2022 Immune Support\r\n\u2022 Digestive Support","_et_gb_content_width":"","wprm-recipe-roundup-name":"","wprm-recipe-roundup-description":""},"product_brand":[],"product_cat":[50],"product_tag":[63,62,55,53,59],"class_list":{"0":"post-1224","1":"product","2":"type-product","3":"status-publish","4":"has-post-thumbnail","6":"product_cat-tisanes-a-base-dherbes","7":"product_tag-sante-femme","8":"product_tag-sante-homme","9":"product_tag-support-cardiovasculaire","10":"product_tag-support-immunitaire","11":"product_tag-support-respiratoire","13":"first","14":"instock","15":"taxable","16":"shipping-taxable","17":"purchasable","18":"product-type-variable"},"yoast_head":"<!-- This site is optimized with the Yoast SEO Premium plugin v26.5 (Yoast SEO v27.2) - https:\/\/yoast.com\/product\/yoast-seo-premium-wordpress\/ -->\n<title>L&#039;astragale (Copy) - Hygea Herbs<\/title>\n<meta name=\"robots\" content=\"index, follow, max-snippet:-1, max-image-preview:large, max-video-preview:-1\" \/>\n<link rel=\"canonical\" href=\"https:\/\/hygeaherbs.com\/fr\/produit\/lastragale-copy-2\/\" \/>\n<meta property=\"og:locale\" content=\"fr_FR\" \/>\n<meta property=\"og:type\" content=\"article\" \/>\n<meta property=\"og:title\" content=\"L&#039;astragale (Copy)\" \/>\n<meta property=\"og:description\" content=\"Mode d\u2019emploi :  Permettez \u00e0 l&#039;Astragale de soutenir vos syst\u00e8mes immunitaire, cardiovasculaire, lymphatique, urinaire, respiratoire, digestif et musculo-squelettique. Il est \u00e9galement b\u00e9n\u00e9fique pour la sant\u00e9 reproductive f\u00e9minine. Infusez, filtrez, sentez, go\u00fbtez et appr\u00e9ciez.  Utilisation : Pour pr\u00e9parer une d\u00e9coction, placez 2 \u00e0 4 cuill\u00e8res \u00e0 caf\u00e9 de racine dans 1 tasse d&#039;eau, et faites mijoter pendant 15 \u00e0 20 minutes dans une casserole avec un couvercle. \u00c0 boire 3 fois par jour.  La couleur, le go\u00fbt et la consistance d\u2019un lot \u00e0 l\u2019autre, peuvent varier en raison des ingr\u00e9dients enti\u00e8rement naturelles de ce produit. Cela n\u2019affecte pas la puissance ni la qualit\u00e9.\" \/>\n<meta property=\"og:url\" content=\"https:\/\/hygeaherbs.com\/fr\/produit\/lastragale-copy-2\/\" \/>\n<meta property=\"og:site_name\" content=\"Hygea Herbs\" \/>\n<meta property=\"article:publisher\" content=\"https:\/\/www.facebook.com\/profile.php?id=61564719942709\" \/>\n<meta property=\"article:modified_time\" content=\"2024-10-31T19:26:20+00:00\" \/>\n<meta property=\"og:image\" content=\"https:\/\/hygeaherbs.com\/wp-content\/uploads\/2024\/10\/8.png\" \/>\n\t<meta property=\"og:image:width\" content=\"1080\" \/>\n\t<meta property=\"og:image:height\" content=\"1080\" \/>\n\t<meta property=\"og:image:type\" content=\"image\/png\" \/>\n<meta name=\"twitter:card\" content=\"summary_large_image\" \/>\n<script type=\"application\/ld+json\" class=\"yoast-schema-graph\">{\"@context\":\"https:\/\/schema.org\",\"@graph\":[{\"@type\":\"WebPage\",\"@id\":\"https:\/\/hygeaherbs.com\/fr\/produit\/lastragale-copy-2\/\",\"url\":\"https:\/\/hygeaherbs.com\/fr\/produit\/lastragale-copy-2\/\",\"name\":\"L'astragale (Copy) - Hygea Herbs\",\"isPartOf\":{\"@id\":\"https:\/\/hygeaherbs.com\/fr\/#website\"},\"primaryImageOfPage\":{\"@id\":\"https:\/\/hygeaherbs.com\/fr\/produit\/lastragale-copy-2\/#primaryimage\"},\"image\":{\"@id\":\"https:\/\/hygeaherbs.com\/fr\/produit\/lastragale-copy-2\/#primaryimage\"},\"thumbnailUrl\":\"https:\/\/hygeaherbs.com\/wp-content\/uploads\/2024\/10\/8.png\",\"datePublished\":\"2024-10-31T18:31:32+00:00\",\"dateModified\":\"2024-10-31T19:26:20+00:00\",\"breadcrumb\":{\"@id\":\"https:\/\/hygeaherbs.com\/fr\/produit\/lastragale-copy-2\/#breadcrumb\"},\"inLanguage\":\"fr-FR\",\"potentialAction\":[{\"@type\":\"ReadAction\",\"target\":[\"https:\/\/hygeaherbs.com\/fr\/produit\/lastragale-copy-2\/\"]}]},{\"@type\":\"ImageObject\",\"inLanguage\":\"fr-FR\",\"@id\":\"https:\/\/hygeaherbs.com\/fr\/produit\/lastragale-copy-2\/#primaryimage\",\"url\":\"https:\/\/hygeaherbs.com\/wp-content\/uploads\/2024\/10\/8.png\",\"contentUrl\":\"https:\/\/hygeaherbs.com\/wp-content\/uploads\/2024\/10\/8.png\",\"width\":1080,\"height\":1080},{\"@type\":\"BreadcrumbList\",\"@id\":\"https:\/\/hygeaherbs.com\/fr\/produit\/lastragale-copy-2\/#breadcrumb\",\"itemListElement\":[{\"@type\":\"ListItem\",\"position\":1,\"name\":\"Home\",\"item\":\"https:\/\/hygeaherbs.com\/fr\/\"},{\"@type\":\"ListItem\",\"position\":2,\"name\":\"Boutique\",\"item\":\"https:\/\/hygeaherbs.com\/fr\/boutique\/\"},{\"@type\":\"ListItem\",\"position\":3,\"name\":\"L&#8217;astragale (Copy)\"}]},{\"@type\":\"WebSite\",\"@id\":\"https:\/\/hygeaherbs.com\/fr\/#website\",\"url\":\"https:\/\/hygeaherbs.com\/fr\/\",\"name\":\"Hygea Herbs\",\"description\":\"Website\",\"publisher\":{\"@id\":\"https:\/\/hygeaherbs.com\/fr\/#organization\"},\"potentialAction\":[{\"@type\":\"SearchAction\",\"target\":{\"@type\":\"EntryPoint\",\"urlTemplate\":\"https:\/\/hygeaherbs.com\/fr\/?s={search_term_string}\"},\"query-input\":{\"@type\":\"PropertyValueSpecification\",\"valueRequired\":true,\"valueName\":\"search_term_string\"}}],\"inLanguage\":\"fr-FR\"},{\"@type\":\"Organization\",\"@id\":\"https:\/\/hygeaherbs.com\/fr\/#organization\",\"name\":\"Hygea Herbs\",\"url\":\"https:\/\/hygeaherbs.com\/fr\/\",\"logo\":{\"@type\":\"ImageObject\",\"inLanguage\":\"fr-FR\",\"@id\":\"https:\/\/hygeaherbs.com\/fr\/#\/schema\/logo\/image\/\",\"url\":\"https:\/\/hygeaherbs.com\/wp-content\/uploads\/2024\/10\/hygea_favicon.jpg\",\"contentUrl\":\"https:\/\/hygeaherbs.com\/wp-content\/uploads\/2024\/10\/hygea_favicon.jpg\",\"width\":512,\"height\":512,\"caption\":\"Hygea Herbs\"},\"image\":{\"@id\":\"https:\/\/hygeaherbs.com\/fr\/#\/schema\/logo\/image\/\"},\"sameAs\":[\"https:\/\/www.facebook.com\/profile.php?id=61564719942709\"]}]}<\/script>\n<!-- \/ Yoast SEO Premium plugin. -->","yoast_head_json":{"title":"L'astragale (Copy) - Hygea Herbs","robots":{"index":"index","follow":"follow","max-snippet":"max-snippet:-1","max-image-preview":"max-image-preview:large","max-video-preview":"max-video-preview:-1"},"canonical":"https:\/\/hygeaherbs.com\/fr\/produit\/lastragale-copy-2\/","og_locale":"fr_FR","og_type":"article","og_title":"L'astragale (Copy)","og_description":"Mode d\u2019emploi :  Permettez \u00e0 l'Astragale de soutenir vos syst\u00e8mes immunitaire, cardiovasculaire, lymphatique, urinaire, respiratoire, digestif et musculo-squelettique. Il est \u00e9galement b\u00e9n\u00e9fique pour la sant\u00e9 reproductive f\u00e9minine. Infusez, filtrez, sentez, go\u00fbtez et appr\u00e9ciez.  Utilisation : Pour pr\u00e9parer une d\u00e9coction, placez 2 \u00e0 4 cuill\u00e8res \u00e0 caf\u00e9 de racine dans 1 tasse d'eau, et faites mijoter pendant 15 \u00e0 20 minutes dans une casserole avec un couvercle. \u00c0 boire 3 fois par jour.  La couleur, le go\u00fbt et la consistance d\u2019un lot \u00e0 l\u2019autre, peuvent varier en raison des ingr\u00e9dients enti\u00e8rement naturelles de ce produit. Cela n\u2019affecte pas la puissance ni la qualit\u00e9.","og_url":"https:\/\/hygeaherbs.com\/fr\/produit\/lastragale-copy-2\/","og_site_name":"Hygea Herbs","article_publisher":"https:\/\/www.facebook.com\/profile.php?id=61564719942709","article_modified_time":"2024-10-31T19:26:20+00:00","og_image":[{"width":1080,"height":1080,"url":"https:\/\/hygeaherbs.com\/wp-content\/uploads\/2024\/10\/8.png","type":"image\/png"}],"twitter_card":"summary_large_image","schema":{"@context":"https:\/\/schema.org","@graph":[{"@type":"WebPage","@id":"https:\/\/hygeaherbs.com\/fr\/produit\/lastragale-copy-2\/","url":"https:\/\/hygeaherbs.com\/fr\/produit\/lastragale-copy-2\/","name":"L'astragale (Copy) - Hygea Herbs","isPartOf":{"@id":"https:\/\/hygeaherbs.com\/fr\/#website"},"primaryImageOfPage":{"@id":"https:\/\/hygeaherbs.com\/fr\/produit\/lastragale-copy-2\/#primaryimage"},"image":{"@id":"https:\/\/hygeaherbs.com\/fr\/produit\/lastragale-copy-2\/#primaryimage"},"thumbnailUrl":"https:\/\/hygeaherbs.com\/wp-content\/uploads\/2024\/10\/8.png","datePublished":"2024-10-31T18:31:32+00:00","dateModified":"2024-10-31T19:26:20+00:00","breadcrumb":{"@id":"https:\/\/hygeaherbs.com\/fr\/produit\/lastragale-copy-2\/#breadcrumb"},"inLanguage":"fr-FR","potentialAction":[{"@type":"ReadAction","target":["https:\/\/hygeaherbs.com\/fr\/produit\/lastragale-copy-2\/"]}]},{"@type":"ImageObject","inLanguage":"fr-FR","@id":"https:\/\/hygeaherbs.com\/fr\/produit\/lastragale-copy-2\/#primaryimage","url":"https:\/\/hygeaherbs.com\/wp-content\/uploads\/2024\/10\/8.png","contentUrl":"https:\/\/hygeaherbs.com\/wp-content\/uploads\/2024\/10\/8.png","width":1080,"height":1080},{"@type":"BreadcrumbList","@id":"https:\/\/hygeaherbs.com\/fr\/produit\/lastragale-copy-2\/#breadcrumb","itemListElement":[{"@type":"ListItem","position":1,"name":"Home","item":"https:\/\/hygeaherbs.com\/fr\/"},{"@type":"ListItem","position":2,"name":"Boutique","item":"https:\/\/hygeaherbs.com\/fr\/boutique\/"},{"@type":"ListItem","position":3,"name":"L&#8217;astragale (Copy)"}]},{"@type":"WebSite","@id":"https:\/\/hygeaherbs.com\/fr\/#website","url":"https:\/\/hygeaherbs.com\/fr\/","name":"Hygea Herbs","description":"Website","publisher":{"@id":"https:\/\/hygeaherbs.com\/fr\/#organization"},"potentialAction":[{"@type":"SearchAction","target":{"@type":"EntryPoint","urlTemplate":"https:\/\/hygeaherbs.com\/fr\/?s={search_term_string}"},"query-input":{"@type":"PropertyValueSpecification","valueRequired":true,"valueName":"search_term_string"}}],"inLanguage":"fr-FR"},{"@type":"Organization","@id":"https:\/\/hygeaherbs.com\/fr\/#organization","name":"Hygea Herbs","url":"https:\/\/hygeaherbs.com\/fr\/","logo":{"@type":"ImageObject","inLanguage":"fr-FR","@id":"https:\/\/hygeaherbs.com\/fr\/#\/schema\/logo\/image\/","url":"https:\/\/hygeaherbs.com\/wp-content\/uploads\/2024\/10\/hygea_favicon.jpg","contentUrl":"https:\/\/hygeaherbs.com\/wp-content\/uploads\/2024\/10\/hygea_favicon.jpg","width":512,"height":512,"caption":"Hygea Herbs"},"image":{"@id":"https:\/\/hygeaherbs.com\/fr\/#\/schema\/logo\/image\/"},"sameAs":["https:\/\/www.facebook.com\/profile.php?id=61564719942709"]}]}},"_links":{"self":[{"href":"https:\/\/hygeaherbs.com\/fr\/wp-json\/wp\/v2\/product\/1224","targetHints":{"allow":["GET"]}}],"collection":[{"href":"https:\/\/hygeaherbs.com\/fr\/wp-json\/wp\/v2\/product"}],"about":[{"href":"https:\/\/hygeaherbs.com\/fr\/wp-json\/wp\/v2\/types\/product"}],"replies":[{"embeddable":true,"href":"https:\/\/hygeaherbs.com\/fr\/wp-json\/wp\/v2\/comments?post=1224"}],"wp:featuredmedia":[{"embeddable":true,"href":"https:\/\/hygeaherbs.com\/fr\/wp-json\/wp\/v2\/media\/2410"}],"wp:attachment":[{"href":"https:\/\/hygeaherbs.com\/fr\/wp-json\/wp\/v2\/media?parent=1224"}],"wp:term":[{"taxonomy":"product_brand","embeddable":true,"href":"https:\/\/hygeaherbs.com\/fr\/wp-json\/wp\/v2\/product_brand?post=1224"},{"taxonomy":"product_cat","embeddable":true,"href":"https:\/\/hygeaherbs.com\/fr\/wp-json\/wp\/v2\/product_cat?post=1224"},{"taxonomy":"product_tag","embeddable":true,"href":"https:\/\/hygeaherbs.com\/fr\/wp-json\/wp\/v2\/product_tag?post=1224"}],"curies":[{"name":"wp","href":"https:\/\/api.w.org\/{rel}","templated":true}]}}