{"id":1084,"date":"2024-10-11T06:42:15","date_gmt":"2024-10-11T13:42:15","guid":{"rendered":"https:\/\/hygeaherbs.com\/?post_type=product&#038;p=1084"},"modified":"2024-10-11T06:57:30","modified_gmt":"2024-10-11T13:57:30","slug":"ail","status":"publish","type":"product","link":"https:\/\/hygeaherbs.com\/fr\/produit\/ail\/","title":{"rendered":"Ail"},"content":{"rendered":"<h4>Ail (<em>Allium sativa<\/em>)<\/h4>\n","protected":false},"excerpt":{"rendered":"<p><strong>Mode d\u2019emploi :<\/strong><\/p>\n<p>Permettez \u00e0 l\u2019ail de soutenir vos syst\u00e8mes immunitaire, digestif, cardiovasculaire, respiratoire ainsi que la sant\u00e9 de votre peau.<br \/>\nDosage: 2 \u00e0 4 ml, trois fois par jour. (ratio de teinture &#8211; 1:2@25% EtOH).<br \/>\nUtilisation du bulbe frais : Une gousse d\u2019ail peut \u00eatre consomm\u00e9e une fois par jour en prophylaxie, ou trois fois par jour en cas d&rsquo;infections aigu\u00ebs.<\/p>\n<p>La couleur, le go\u00fbt et la consistance d\u2019un lot \u00e0 l\u2019autre, peuvent<br \/>\nvarier en raison des ingr\u00e9dients enti\u00e8rement naturelles de ce<br \/>\nproduit. Cela n\u2019affecte pas la puissance ni la qualit\u00e9.<\/p>\n","protected":false},"featured_media":2424,"comment_status":"closed","ping_status":"closed","template":"","meta":{"_et_pb_use_builder":"off","_et_pb_old_content":"<h4>Burdock Root (<em>Arctium lappa<\/em>)<\/h4>\r\n<strong>Traditionally used:<\/strong>\r\n\r\n\u2022 skin, blood and lymph support\r\n\u2022 edema\r\n\u2022 fever\r\n\u2022 liver detox, liver support\r\n\u2022 inflammatory conditions due to toxicity\r\n\u2022 promote appetite & digestion\r\n\u2022 high cholesterol\r\n\u2022 promote detox, including heavy metal detoxification\r\n\r\nHerbal Constituents:\r\n\r\nOligosaccharides such as Inulins are found in Burdock.\r\n\r\nThey function as a soluble dietary fibre & prebiotic which are\r\nbeneficial food for microbiota and gut mucosa health.\r\nInsulins help balance blood sugar & blood lipids; can help prevent colon tissue inflammation.\r\n\r\n* This section cites Lisa Ganora.\r\n\r\nBody Systems:\r\n\r\n\u2022 Cardiovascular Support\r\n\u2022 Skin Hair & Nails Support\r\n\u2022 Urinary Support\r\n\u2022 Immune Support\r\n\u2022 Digestive Support","_et_gb_content_width":"","wprm-recipe-roundup-name":"","wprm-recipe-roundup-description":""},"product_brand":[],"product_cat":[51],"product_tag":[65,63,55,61,57,58,53,59,54],"class_list":{"0":"post-1084","1":"product","2":"type-product","3":"status-publish","4":"has-post-thumbnail","6":"product_cat-teintures-herboristes","7":"product_tag-peau","8":"product_tag-sante-femme","9":"product_tag-support-cardiovasculaire","10":"product_tag-support-de-la-peau-cheveux-ongles","11":"product_tag-support-digestif","12":"product_tag-support-hormonal","13":"product_tag-support-immunitaire","14":"product_tag-support-respiratoire","15":"product_tag-support-urinaire","17":"first","18":"instock","19":"taxable","20":"shipping-taxable","21":"purchasable","22":"product-type-variable"},"yoast_head":"<!-- This site is optimized with the Yoast SEO Premium plugin v26.5 (Yoast SEO v27.2) - https:\/\/yoast.com\/product\/yoast-seo-premium-wordpress\/ -->\n<title>Ail - Hygea Herbs<\/title>\n<meta name=\"robots\" content=\"index, follow, max-snippet:-1, max-image-preview:large, max-video-preview:-1\" \/>\n<link rel=\"canonical\" href=\"https:\/\/hygeaherbs.com\/fr\/produit\/ail\/\" \/>\n<meta property=\"og:locale\" content=\"fr_FR\" \/>\n<meta property=\"og:type\" content=\"article\" \/>\n<meta property=\"og:title\" content=\"Ail\" \/>\n<meta property=\"og:description\" content=\"Mode d\u2019emploi :  Permettez \u00e0 l\u2019ail de soutenir vos syst\u00e8mes immunitaire, digestif, cardiovasculaire, respiratoire ainsi que la sant\u00e9 de votre peau. Dosage: 2 \u00e0 4 ml, trois fois par jour. (ratio de teinture - 1:2@25% EtOH). Utilisation du bulbe frais : Une gousse d\u2019ail peut \u00eatre consomm\u00e9e une fois par jour en prophylaxie, ou trois fois par jour en cas d&#039;infections aigu\u00ebs.  La couleur, le go\u00fbt et la consistance d\u2019un lot \u00e0 l\u2019autre, peuvent varier en raison des ingr\u00e9dients enti\u00e8rement naturelles de ce produit. Cela n\u2019affecte pas la puissance ni la qualit\u00e9.\" \/>\n<meta property=\"og:url\" content=\"https:\/\/hygeaherbs.com\/fr\/produit\/ail\/\" \/>\n<meta property=\"og:site_name\" content=\"Hygea Herbs\" \/>\n<meta property=\"article:publisher\" content=\"https:\/\/www.facebook.com\/profile.php?id=61564719942709\" \/>\n<meta property=\"article:modified_time\" content=\"2024-10-11T13:57:30+00:00\" \/>\n<meta property=\"og:image\" content=\"https:\/\/hygeaherbs.com\/wp-content\/uploads\/2024\/10\/5.png\" \/>\n\t<meta property=\"og:image:width\" content=\"1080\" \/>\n\t<meta property=\"og:image:height\" content=\"1080\" \/>\n\t<meta property=\"og:image:type\" content=\"image\/png\" \/>\n<meta name=\"twitter:card\" content=\"summary_large_image\" \/>\n<script type=\"application\/ld+json\" class=\"yoast-schema-graph\">{\"@context\":\"https:\/\/schema.org\",\"@graph\":[{\"@type\":\"WebPage\",\"@id\":\"https:\/\/hygeaherbs.com\/fr\/produit\/ail\/\",\"url\":\"https:\/\/hygeaherbs.com\/fr\/produit\/ail\/\",\"name\":\"Ail - Hygea Herbs\",\"isPartOf\":{\"@id\":\"https:\/\/hygeaherbs.com\/fr\/#website\"},\"primaryImageOfPage\":{\"@id\":\"https:\/\/hygeaherbs.com\/fr\/produit\/ail\/#primaryimage\"},\"image\":{\"@id\":\"https:\/\/hygeaherbs.com\/fr\/produit\/ail\/#primaryimage\"},\"thumbnailUrl\":\"https:\/\/hygeaherbs.com\/wp-content\/uploads\/2024\/10\/5.png\",\"datePublished\":\"2024-10-11T13:42:15+00:00\",\"dateModified\":\"2024-10-11T13:57:30+00:00\",\"breadcrumb\":{\"@id\":\"https:\/\/hygeaherbs.com\/fr\/produit\/ail\/#breadcrumb\"},\"inLanguage\":\"fr-FR\",\"potentialAction\":[{\"@type\":\"ReadAction\",\"target\":[\"https:\/\/hygeaherbs.com\/fr\/produit\/ail\/\"]}]},{\"@type\":\"ImageObject\",\"inLanguage\":\"fr-FR\",\"@id\":\"https:\/\/hygeaherbs.com\/fr\/produit\/ail\/#primaryimage\",\"url\":\"https:\/\/hygeaherbs.com\/wp-content\/uploads\/2024\/10\/5.png\",\"contentUrl\":\"https:\/\/hygeaherbs.com\/wp-content\/uploads\/2024\/10\/5.png\",\"width\":1080,\"height\":1080},{\"@type\":\"BreadcrumbList\",\"@id\":\"https:\/\/hygeaherbs.com\/fr\/produit\/ail\/#breadcrumb\",\"itemListElement\":[{\"@type\":\"ListItem\",\"position\":1,\"name\":\"Home\",\"item\":\"https:\/\/hygeaherbs.com\/fr\/\"},{\"@type\":\"ListItem\",\"position\":2,\"name\":\"Boutique\",\"item\":\"https:\/\/hygeaherbs.com\/fr\/boutique\/\"},{\"@type\":\"ListItem\",\"position\":3,\"name\":\"Ail\"}]},{\"@type\":\"WebSite\",\"@id\":\"https:\/\/hygeaherbs.com\/fr\/#website\",\"url\":\"https:\/\/hygeaherbs.com\/fr\/\",\"name\":\"Hygea Herbs\",\"description\":\"Website\",\"publisher\":{\"@id\":\"https:\/\/hygeaherbs.com\/fr\/#organization\"},\"potentialAction\":[{\"@type\":\"SearchAction\",\"target\":{\"@type\":\"EntryPoint\",\"urlTemplate\":\"https:\/\/hygeaherbs.com\/fr\/?s={search_term_string}\"},\"query-input\":{\"@type\":\"PropertyValueSpecification\",\"valueRequired\":true,\"valueName\":\"search_term_string\"}}],\"inLanguage\":\"fr-FR\"},{\"@type\":\"Organization\",\"@id\":\"https:\/\/hygeaherbs.com\/fr\/#organization\",\"name\":\"Hygea Herbs\",\"url\":\"https:\/\/hygeaherbs.com\/fr\/\",\"logo\":{\"@type\":\"ImageObject\",\"inLanguage\":\"fr-FR\",\"@id\":\"https:\/\/hygeaherbs.com\/fr\/#\/schema\/logo\/image\/\",\"url\":\"https:\/\/hygeaherbs.com\/wp-content\/uploads\/2024\/10\/hygea_favicon.jpg\",\"contentUrl\":\"https:\/\/hygeaherbs.com\/wp-content\/uploads\/2024\/10\/hygea_favicon.jpg\",\"width\":512,\"height\":512,\"caption\":\"Hygea Herbs\"},\"image\":{\"@id\":\"https:\/\/hygeaherbs.com\/fr\/#\/schema\/logo\/image\/\"},\"sameAs\":[\"https:\/\/www.facebook.com\/profile.php?id=61564719942709\"]}]}<\/script>\n<!-- \/ Yoast SEO Premium plugin. -->","yoast_head_json":{"title":"Ail - Hygea Herbs","robots":{"index":"index","follow":"follow","max-snippet":"max-snippet:-1","max-image-preview":"max-image-preview:large","max-video-preview":"max-video-preview:-1"},"canonical":"https:\/\/hygeaherbs.com\/fr\/produit\/ail\/","og_locale":"fr_FR","og_type":"article","og_title":"Ail","og_description":"Mode d\u2019emploi :  Permettez \u00e0 l\u2019ail de soutenir vos syst\u00e8mes immunitaire, digestif, cardiovasculaire, respiratoire ainsi que la sant\u00e9 de votre peau. Dosage: 2 \u00e0 4 ml, trois fois par jour. (ratio de teinture - 1:2@25% EtOH). Utilisation du bulbe frais : Une gousse d\u2019ail peut \u00eatre consomm\u00e9e une fois par jour en prophylaxie, ou trois fois par jour en cas d'infections aigu\u00ebs.  La couleur, le go\u00fbt et la consistance d\u2019un lot \u00e0 l\u2019autre, peuvent varier en raison des ingr\u00e9dients enti\u00e8rement naturelles de ce produit. Cela n\u2019affecte pas la puissance ni la qualit\u00e9.","og_url":"https:\/\/hygeaherbs.com\/fr\/produit\/ail\/","og_site_name":"Hygea Herbs","article_publisher":"https:\/\/www.facebook.com\/profile.php?id=61564719942709","article_modified_time":"2024-10-11T13:57:30+00:00","og_image":[{"width":1080,"height":1080,"url":"https:\/\/hygeaherbs.com\/wp-content\/uploads\/2024\/10\/5.png","type":"image\/png"}],"twitter_card":"summary_large_image","schema":{"@context":"https:\/\/schema.org","@graph":[{"@type":"WebPage","@id":"https:\/\/hygeaherbs.com\/fr\/produit\/ail\/","url":"https:\/\/hygeaherbs.com\/fr\/produit\/ail\/","name":"Ail - Hygea Herbs","isPartOf":{"@id":"https:\/\/hygeaherbs.com\/fr\/#website"},"primaryImageOfPage":{"@id":"https:\/\/hygeaherbs.com\/fr\/produit\/ail\/#primaryimage"},"image":{"@id":"https:\/\/hygeaherbs.com\/fr\/produit\/ail\/#primaryimage"},"thumbnailUrl":"https:\/\/hygeaherbs.com\/wp-content\/uploads\/2024\/10\/5.png","datePublished":"2024-10-11T13:42:15+00:00","dateModified":"2024-10-11T13:57:30+00:00","breadcrumb":{"@id":"https:\/\/hygeaherbs.com\/fr\/produit\/ail\/#breadcrumb"},"inLanguage":"fr-FR","potentialAction":[{"@type":"ReadAction","target":["https:\/\/hygeaherbs.com\/fr\/produit\/ail\/"]}]},{"@type":"ImageObject","inLanguage":"fr-FR","@id":"https:\/\/hygeaherbs.com\/fr\/produit\/ail\/#primaryimage","url":"https:\/\/hygeaherbs.com\/wp-content\/uploads\/2024\/10\/5.png","contentUrl":"https:\/\/hygeaherbs.com\/wp-content\/uploads\/2024\/10\/5.png","width":1080,"height":1080},{"@type":"BreadcrumbList","@id":"https:\/\/hygeaherbs.com\/fr\/produit\/ail\/#breadcrumb","itemListElement":[{"@type":"ListItem","position":1,"name":"Home","item":"https:\/\/hygeaherbs.com\/fr\/"},{"@type":"ListItem","position":2,"name":"Boutique","item":"https:\/\/hygeaherbs.com\/fr\/boutique\/"},{"@type":"ListItem","position":3,"name":"Ail"}]},{"@type":"WebSite","@id":"https:\/\/hygeaherbs.com\/fr\/#website","url":"https:\/\/hygeaherbs.com\/fr\/","name":"Hygea Herbs","description":"Website","publisher":{"@id":"https:\/\/hygeaherbs.com\/fr\/#organization"},"potentialAction":[{"@type":"SearchAction","target":{"@type":"EntryPoint","urlTemplate":"https:\/\/hygeaherbs.com\/fr\/?s={search_term_string}"},"query-input":{"@type":"PropertyValueSpecification","valueRequired":true,"valueName":"search_term_string"}}],"inLanguage":"fr-FR"},{"@type":"Organization","@id":"https:\/\/hygeaherbs.com\/fr\/#organization","name":"Hygea Herbs","url":"https:\/\/hygeaherbs.com\/fr\/","logo":{"@type":"ImageObject","inLanguage":"fr-FR","@id":"https:\/\/hygeaherbs.com\/fr\/#\/schema\/logo\/image\/","url":"https:\/\/hygeaherbs.com\/wp-content\/uploads\/2024\/10\/hygea_favicon.jpg","contentUrl":"https:\/\/hygeaherbs.com\/wp-content\/uploads\/2024\/10\/hygea_favicon.jpg","width":512,"height":512,"caption":"Hygea Herbs"},"image":{"@id":"https:\/\/hygeaherbs.com\/fr\/#\/schema\/logo\/image\/"},"sameAs":["https:\/\/www.facebook.com\/profile.php?id=61564719942709"]}]}},"_links":{"self":[{"href":"https:\/\/hygeaherbs.com\/fr\/wp-json\/wp\/v2\/product\/1084","targetHints":{"allow":["GET"]}}],"collection":[{"href":"https:\/\/hygeaherbs.com\/fr\/wp-json\/wp\/v2\/product"}],"about":[{"href":"https:\/\/hygeaherbs.com\/fr\/wp-json\/wp\/v2\/types\/product"}],"replies":[{"embeddable":true,"href":"https:\/\/hygeaherbs.com\/fr\/wp-json\/wp\/v2\/comments?post=1084"}],"wp:featuredmedia":[{"embeddable":true,"href":"https:\/\/hygeaherbs.com\/fr\/wp-json\/wp\/v2\/media\/2424"}],"wp:attachment":[{"href":"https:\/\/hygeaherbs.com\/fr\/wp-json\/wp\/v2\/media?parent=1084"}],"wp:term":[{"taxonomy":"product_brand","embeddable":true,"href":"https:\/\/hygeaherbs.com\/fr\/wp-json\/wp\/v2\/product_brand?post=1084"},{"taxonomy":"product_cat","embeddable":true,"href":"https:\/\/hygeaherbs.com\/fr\/wp-json\/wp\/v2\/product_cat?post=1084"},{"taxonomy":"product_tag","embeddable":true,"href":"https:\/\/hygeaherbs.com\/fr\/wp-json\/wp\/v2\/product_tag?post=1084"}],"curies":[{"name":"wp","href":"https:\/\/api.w.org\/{rel}","templated":true}]}}