{"id":568,"date":"2024-05-02T12:45:45","date_gmt":"2024-05-02T19:45:45","guid":{"rendered":"https:\/\/hygeaherbs.com\/clause-de-non-responsabilite\/"},"modified":"2024-07-11T13:06:02","modified_gmt":"2024-07-11T13:06:02","slug":"clause-de-non-responsabilite","status":"publish","type":"page","link":"https:\/\/hygeaherbs.com\/fr\/clause-de-non-responsabilite\/","title":{"rendered":"Clause de non-responsabilit\u00e9"},"content":{"rendered":"<p>[et_pb_section fb_built=\u00a0\u00bb1&Prime; _builder_version=\u00a0\u00bb4.24.3&Prime; _module_preset=\u00a0\u00bbdefault\u00a0\u00bb global_colors_info=\u00a0\u00bb{}\u00a0\u00bb][et_pb_row _builder_version=\u00a0\u00bb4.24.3&Prime; _module_preset=\u00a0\u00bbdefault\u00a0\u00bb global_colors_info=\u00a0\u00bb{}\u00a0\u00bb][et_pb_column type=\u00a0\u00bb4_4&Prime; _builder_version=\u00a0\u00bb4.24.3&Prime; _module_preset=\u00a0\u00bbdefault\u00a0\u00bb global_colors_info=\u00a0\u00bb{}\u00a0\u00bb][et_pb_text _builder_version=\u00a0\u00bb4.24.3&Prime; _module_preset=\u00a0\u00bbdefault\u00a0\u00bb global_colors_info=\u00a0\u00bb{}\u00a0\u00bb]<\/p>\n<h1>Clause de non-responsabilit\u00e9<\/h1>\n<p>[\/et_pb_text][et_pb_text _builder_version=\u00a0\u00bb4.25.2&Prime; _module_preset=\u00a0\u00bbdefault\u00a0\u00bb text_text_color=\u00a0\u00bb#000000&Prime; text_font_size=\u00a0\u00bb16px\u00a0\u00bb hover_enabled=\u00a0\u00bb0&Prime; global_colors_info=\u00a0\u00bb{}\u00a0\u00bb sticky_enabled=\u00a0\u00bb0&Prime;]Les informations contenues sur ce site web, www.hygeaherbs.com, sont fournies \u00e0 titre d&rsquo;information g\u00e9n\u00e9rale pour vous. Ce site web ne remplace pas la relation que vous avez avec votre professionnel de sant\u00e9. Les informations fournies ne constituent pas des conseils m\u00e9dicaux et ne doivent pas se substituer \u00e0 une consultation r\u00e9guli\u00e8re avec votre professionnel de sant\u00e9. Si vous avez des pr\u00e9occupations concernant votre sant\u00e9, veuillez contacter votre professionnel de sant\u00e9.<\/p>\n<p>Tout le mat\u00e9riel, y compris les liens vers d&rsquo;autres sites, est fourni \u00ab tel quel \u00bb et sans aucune garantie expresse ou implicite, y compris les garanties de qualit\u00e9 marchande ou d&rsquo;ad\u00e9quation \u00e0 un usage particulier. En raison de la nature de l&rsquo;Internet, Hygea Herbs ne garantit pas que l&rsquo;acc\u00e8s \u00e0 www.hygeaherbs.com ou \u00e0 l&rsquo;une de ses pages sera ininterrompu ou sans erreur. Hygea Herbs ne garantit pas et ne fait aucune d\u00e9claration concernant l&rsquo;utilit\u00e9 ou les r\u00e9sultats attendus du mat\u00e9riel contenu sur www.hygeaherbs.com.<\/p>\n<p>AVERTISSEMENT : Seul un m\u00e9decin peut, dans l&rsquo;exercice de sa profession, poser un diagnostic m\u00e9dical et \u00e9tablir un traitement \u00e0 respecter. L&rsquo;\u00e9quipe de Hygea Herbs et les conseils fournis par ses membres ne remplacent pas les recommandations faites par un professionnel reconnu par le Coll\u00e8ge des m\u00e9decins du Qu\u00e9bec.<\/p>\n<p>Politique de retour et d&rsquo;\u00e9change :<\/p>\n<p>Toutes les ventes sont finales. Nous nous conformons aux r\u00e9glementations de Sant\u00e9 Canada. Pour cette raison, tout retour ou \u00e9change d&rsquo;un produit ne sera accept\u00e9 que dans les 5 jours suivant l&rsquo;achat, \u00e0 condition qu&rsquo;il nous soit retourn\u00e9 dans l&rsquo;\u00e9tat dans lequel il vous a \u00e9t\u00e9 livr\u00e9. Pour obtenir un \u00e9change ou un cr\u00e9dit sur un ou plusieurs produits, ceux-ci doivent \u00eatre retourn\u00e9s \u00e0 Hygea Herbs. Cette mesure s&rsquo;applique \u00e9galement dans le cas o\u00f9 une bouteille a \u00e9t\u00e9 endommag\u00e9e. Sans le retour dudit produit, Hygea Herbs se r\u00e9serve le droit de refuser un \u00e9change ou un cr\u00e9dit m\u00eame s&rsquo;il s&rsquo;agit d&rsquo;une demande soumise dans le d\u00e9lai prescrit de 5 jours. Une fois ce d\u00e9lai pass\u00e9, Hygea Herbs n&rsquo;acceptera aucun retour afin de pr\u00e9server la qualit\u00e9 de ses produits. En cas de rappel par le fabricant, nous informerons nos clients. En cas de rappel par le fabricant, nous informerons nos clients.<\/p>\n<p>Ces d\u00e9clarations n&rsquo;ont pas \u00e9t\u00e9 \u00e9valu\u00e9es par Sant\u00e9 Canada et la FDA (Food and Drug Administration).<br \/>\nLes produits ne sont pas destin\u00e9s \u00e0 diagnostiquer, traiter, gu\u00e9rir ou pr\u00e9venir une maladie.<\/p>\n<p>Informations sur la p\u00e9remption :<\/p>\n<p>Poudre et th\u00e9s en vrac :<\/p>\n<p>Doivent \u00eatre r\u00e9frig\u00e9r\u00e9s apr\u00e8s ouverture pour une fra\u00eecheur et une efficacit\u00e9 maximales.<\/p>\n<p>Teintures et capsules :<\/p>\n<p>Ne doivent pas \u00eatre r\u00e9frig\u00e9r\u00e9es mais doivent \u00eatre conserv\u00e9es dans un endroit frais et sombre (\u00e0 l&rsquo;abri de la lumi\u00e8re directe du soleil).<\/p>\n<p>Cela garantira une fra\u00eecheur et une efficacit\u00e9 maximales. La date indiqu\u00e9e au bas de la bouteille est la date de \u00ab p\u00e9remption \u00bb standard.<br \/>\nSi ces produits sont correctement stock\u00e9s, ils dureront bien au-del\u00e0 de la date de p\u00e9remption recommand\u00e9e.<br \/>\nUne teneur minimale de 25 % en alcool conserve la teinture d&rsquo;herbes pendant de longues p\u00e9riodes.<br \/>\n[\/et_pb_text][\/et_pb_column][\/et_pb_row][\/et_pb_section]<\/p>\n","protected":false},"excerpt":{"rendered":"<p>Clause de non-responsabilit\u00e9Les informations contenues sur ce site web, www.hygeaherbs.com, sont fournies \u00e0 titre d&rsquo;information g\u00e9n\u00e9rale pour vous. Ce site web ne remplace pas la relation que vous avez avec votre professionnel de sant\u00e9. Les informations fournies ne constituent pas des conseils m\u00e9dicaux et ne doivent pas se substituer \u00e0 une consultation r\u00e9guli\u00e8re avec votre [&hellip;]<\/p>\n","protected":false},"author":1,"featured_media":0,"parent":0,"menu_order":0,"comment_status":"closed","ping_status":"closed","template":"","meta":{"_et_pb_use_builder":"on","_et_pb_old_content":"","_et_gb_content_width":"","wprm-recipe-roundup-name":"","wprm-recipe-roundup-description":"","footnotes":""},"class_list":["post-568","page","type-page","status-publish","hentry"],"yoast_head":"<!-- This site is optimized with the Yoast SEO Premium plugin v26.5 (Yoast SEO v27.2) - https:\/\/yoast.com\/product\/yoast-seo-premium-wordpress\/ -->\n<title>Clause de non-responsabilit\u00e9 - Hygea Herbs<\/title>\n<meta name=\"robots\" content=\"index, follow, max-snippet:-1, max-image-preview:large, max-video-preview:-1\" \/>\n<link rel=\"canonical\" href=\"https:\/\/hygeaherbs.com\/fr\/clause-de-non-responsabilite\/\" \/>\n<meta property=\"og:locale\" content=\"fr_FR\" \/>\n<meta property=\"og:type\" content=\"article\" \/>\n<meta property=\"og:title\" content=\"Clause de non-responsabilit\u00e9\" \/>\n<meta property=\"og:description\" content=\"Clause de non-responsabilit\u00e9Les informations contenues sur ce site web, www.hygeaherbs.com, sont fournies \u00e0 titre d&#039;information g\u00e9n\u00e9rale pour vous. Ce site web ne remplace pas la relation que vous avez avec votre professionnel de sant\u00e9. Les informations fournies ne constituent pas des conseils m\u00e9dicaux et ne doivent pas se substituer \u00e0 une consultation r\u00e9guli\u00e8re avec votre [&hellip;]\" \/>\n<meta property=\"og:url\" content=\"https:\/\/hygeaherbs.com\/fr\/clause-de-non-responsabilite\/\" \/>\n<meta property=\"og:site_name\" content=\"Hygea Herbs\" \/>\n<meta property=\"article:publisher\" content=\"https:\/\/www.facebook.com\/profile.php?id=61564719942709\" \/>\n<meta property=\"article:modified_time\" content=\"2024-07-11T13:06:02+00:00\" \/>\n<meta name=\"twitter:card\" content=\"summary_large_image\" \/>\n<meta name=\"twitter:label1\" content=\"Dur\u00e9e de lecture estim\u00e9e\" \/>\n\t<meta name=\"twitter:data1\" content=\"3 minutes\" \/>\n<script type=\"application\/ld+json\" class=\"yoast-schema-graph\">{\"@context\":\"https:\/\/schema.org\",\"@graph\":[{\"@type\":\"WebPage\",\"@id\":\"https:\/\/hygeaherbs.com\/fr\/clause-de-non-responsabilite\/\",\"url\":\"https:\/\/hygeaherbs.com\/fr\/clause-de-non-responsabilite\/\",\"name\":\"Clause de non-responsabilit\u00e9 - Hygea Herbs\",\"isPartOf\":{\"@id\":\"https:\/\/hygeaherbs.com\/fr\/#website\"},\"datePublished\":\"2024-05-02T19:45:45+00:00\",\"dateModified\":\"2024-07-11T13:06:02+00:00\",\"breadcrumb\":{\"@id\":\"https:\/\/hygeaherbs.com\/fr\/clause-de-non-responsabilite\/#breadcrumb\"},\"inLanguage\":\"fr-FR\",\"potentialAction\":[{\"@type\":\"ReadAction\",\"target\":[\"https:\/\/hygeaherbs.com\/fr\/clause-de-non-responsabilite\/\"]}]},{\"@type\":\"BreadcrumbList\",\"@id\":\"https:\/\/hygeaherbs.com\/fr\/clause-de-non-responsabilite\/#breadcrumb\",\"itemListElement\":[{\"@type\":\"ListItem\",\"position\":1,\"name\":\"Home\",\"item\":\"https:\/\/hygeaherbs.com\/fr\/\"},{\"@type\":\"ListItem\",\"position\":2,\"name\":\"Clause de non-responsabilit\u00e9\"}]},{\"@type\":\"WebSite\",\"@id\":\"https:\/\/hygeaherbs.com\/fr\/#website\",\"url\":\"https:\/\/hygeaherbs.com\/fr\/\",\"name\":\"Hygea Herbs\",\"description\":\"Website\",\"publisher\":{\"@id\":\"https:\/\/hygeaherbs.com\/fr\/#organization\"},\"potentialAction\":[{\"@type\":\"SearchAction\",\"target\":{\"@type\":\"EntryPoint\",\"urlTemplate\":\"https:\/\/hygeaherbs.com\/fr\/?s={search_term_string}\"},\"query-input\":{\"@type\":\"PropertyValueSpecification\",\"valueRequired\":true,\"valueName\":\"search_term_string\"}}],\"inLanguage\":\"fr-FR\"},{\"@type\":\"Organization\",\"@id\":\"https:\/\/hygeaherbs.com\/fr\/#organization\",\"name\":\"Hygea Herbs\",\"url\":\"https:\/\/hygeaherbs.com\/fr\/\",\"logo\":{\"@type\":\"ImageObject\",\"inLanguage\":\"fr-FR\",\"@id\":\"https:\/\/hygeaherbs.com\/fr\/#\/schema\/logo\/image\/\",\"url\":\"https:\/\/hygeaherbs.com\/wp-content\/uploads\/2024\/10\/hygea_favicon.jpg\",\"contentUrl\":\"https:\/\/hygeaherbs.com\/wp-content\/uploads\/2024\/10\/hygea_favicon.jpg\",\"width\":512,\"height\":512,\"caption\":\"Hygea Herbs\"},\"image\":{\"@id\":\"https:\/\/hygeaherbs.com\/fr\/#\/schema\/logo\/image\/\"},\"sameAs\":[\"https:\/\/www.facebook.com\/profile.php?id=61564719942709\"]}]}<\/script>\n<!-- \/ Yoast SEO Premium plugin. -->","yoast_head_json":{"title":"Clause de non-responsabilit\u00e9 - Hygea Herbs","robots":{"index":"index","follow":"follow","max-snippet":"max-snippet:-1","max-image-preview":"max-image-preview:large","max-video-preview":"max-video-preview:-1"},"canonical":"https:\/\/hygeaherbs.com\/fr\/clause-de-non-responsabilite\/","og_locale":"fr_FR","og_type":"article","og_title":"Clause de non-responsabilit\u00e9","og_description":"Clause de non-responsabilit\u00e9Les informations contenues sur ce site web, www.hygeaherbs.com, sont fournies \u00e0 titre d'information g\u00e9n\u00e9rale pour vous. Ce site web ne remplace pas la relation que vous avez avec votre professionnel de sant\u00e9. Les informations fournies ne constituent pas des conseils m\u00e9dicaux et ne doivent pas se substituer \u00e0 une consultation r\u00e9guli\u00e8re avec votre [&hellip;]","og_url":"https:\/\/hygeaherbs.com\/fr\/clause-de-non-responsabilite\/","og_site_name":"Hygea Herbs","article_publisher":"https:\/\/www.facebook.com\/profile.php?id=61564719942709","article_modified_time":"2024-07-11T13:06:02+00:00","twitter_card":"summary_large_image","twitter_misc":{"Dur\u00e9e de lecture estim\u00e9e":"3 minutes"},"schema":{"@context":"https:\/\/schema.org","@graph":[{"@type":"WebPage","@id":"https:\/\/hygeaherbs.com\/fr\/clause-de-non-responsabilite\/","url":"https:\/\/hygeaherbs.com\/fr\/clause-de-non-responsabilite\/","name":"Clause de non-responsabilit\u00e9 - Hygea Herbs","isPartOf":{"@id":"https:\/\/hygeaherbs.com\/fr\/#website"},"datePublished":"2024-05-02T19:45:45+00:00","dateModified":"2024-07-11T13:06:02+00:00","breadcrumb":{"@id":"https:\/\/hygeaherbs.com\/fr\/clause-de-non-responsabilite\/#breadcrumb"},"inLanguage":"fr-FR","potentialAction":[{"@type":"ReadAction","target":["https:\/\/hygeaherbs.com\/fr\/clause-de-non-responsabilite\/"]}]},{"@type":"BreadcrumbList","@id":"https:\/\/hygeaherbs.com\/fr\/clause-de-non-responsabilite\/#breadcrumb","itemListElement":[{"@type":"ListItem","position":1,"name":"Home","item":"https:\/\/hygeaherbs.com\/fr\/"},{"@type":"ListItem","position":2,"name":"Clause de non-responsabilit\u00e9"}]},{"@type":"WebSite","@id":"https:\/\/hygeaherbs.com\/fr\/#website","url":"https:\/\/hygeaherbs.com\/fr\/","name":"Hygea Herbs","description":"Website","publisher":{"@id":"https:\/\/hygeaherbs.com\/fr\/#organization"},"potentialAction":[{"@type":"SearchAction","target":{"@type":"EntryPoint","urlTemplate":"https:\/\/hygeaherbs.com\/fr\/?s={search_term_string}"},"query-input":{"@type":"PropertyValueSpecification","valueRequired":true,"valueName":"search_term_string"}}],"inLanguage":"fr-FR"},{"@type":"Organization","@id":"https:\/\/hygeaherbs.com\/fr\/#organization","name":"Hygea Herbs","url":"https:\/\/hygeaherbs.com\/fr\/","logo":{"@type":"ImageObject","inLanguage":"fr-FR","@id":"https:\/\/hygeaherbs.com\/fr\/#\/schema\/logo\/image\/","url":"https:\/\/hygeaherbs.com\/wp-content\/uploads\/2024\/10\/hygea_favicon.jpg","contentUrl":"https:\/\/hygeaherbs.com\/wp-content\/uploads\/2024\/10\/hygea_favicon.jpg","width":512,"height":512,"caption":"Hygea Herbs"},"image":{"@id":"https:\/\/hygeaherbs.com\/fr\/#\/schema\/logo\/image\/"},"sameAs":["https:\/\/www.facebook.com\/profile.php?id=61564719942709"]}]}},"_links":{"self":[{"href":"https:\/\/hygeaherbs.com\/fr\/wp-json\/wp\/v2\/pages\/568","targetHints":{"allow":["GET"]}}],"collection":[{"href":"https:\/\/hygeaherbs.com\/fr\/wp-json\/wp\/v2\/pages"}],"about":[{"href":"https:\/\/hygeaherbs.com\/fr\/wp-json\/wp\/v2\/types\/page"}],"author":[{"embeddable":true,"href":"https:\/\/hygeaherbs.com\/fr\/wp-json\/wp\/v2\/users\/1"}],"replies":[{"embeddable":true,"href":"https:\/\/hygeaherbs.com\/fr\/wp-json\/wp\/v2\/comments?post=568"}],"version-history":[{"count":4,"href":"https:\/\/hygeaherbs.com\/fr\/wp-json\/wp\/v2\/pages\/568\/revisions"}],"predecessor-version":[{"id":735,"href":"https:\/\/hygeaherbs.com\/fr\/wp-json\/wp\/v2\/pages\/568\/revisions\/735"}],"wp:attachment":[{"href":"https:\/\/hygeaherbs.com\/fr\/wp-json\/wp\/v2\/media?parent=568"}],"curies":[{"name":"wp","href":"https:\/\/api.w.org\/{rel}","templated":true}]}}