{"id":565,"date":"2024-05-01T16:09:43","date_gmt":"2024-05-01T16:09:43","guid":{"rendered":"https:\/\/hygeaherbs.com\/politique-de-confidentialite\/"},"modified":"2024-05-24T17:11:52","modified_gmt":"2024-05-24T17:11:52","slug":"politique-de-confidentialite","status":"publish","type":"page","link":"https:\/\/hygeaherbs.com\/fr\/politique-de-confidentialite\/","title":{"rendered":"Politique de confidentialit\u00e9"},"content":{"rendered":"<p>[et_pb_section fb_built=\u00a0\u00bb1&Prime; _builder_version=\u00a0\u00bb4.24.3&Prime; _module_preset=\u00a0\u00bbdefault\u00a0\u00bb global_colors_info=\u00a0\u00bb{}\u00a0\u00bb theme_builder_area=\u00a0\u00bbpost_content\u00a0\u00bb][et_pb_row _builder_version=\u00a0\u00bb4.24.3&Prime; _module_preset=\u00a0\u00bbdefault\u00a0\u00bb global_colors_info=\u00a0\u00bb{}\u00a0\u00bb theme_builder_area=\u00a0\u00bbpost_content\u00a0\u00bb][et_pb_column type=\u00a0\u00bb4_4&Prime; _builder_version=\u00a0\u00bb4.24.3&Prime; _module_preset=\u00a0\u00bbdefault\u00a0\u00bb global_colors_info=\u00a0\u00bb{}\u00a0\u00bb theme_builder_area=\u00a0\u00bbpost_content\u00a0\u00bb][et_pb_text _builder_version=\u00a0\u00bb4.24.3&Prime; _module_preset=\u00a0\u00bbdefault\u00a0\u00bb hover_enabled=\u00a0\u00bb0&Prime; global_colors_info=\u00a0\u00bb{}\u00a0\u00bb theme_builder_area=\u00a0\u00bbpost_content\u00a0\u00bb sticky_enabled=\u00a0\u00bb0&Prime;]<\/p>\n<h1>Politique de confidentialit\u00e9<\/h1>\n<p>[\/et_pb_text][et_pb_text _builder_version=\u00a0\u00bb4.24.3&Prime; _module_preset=\u00a0\u00bbdefault\u00a0\u00bb text_text_color=\u00a0\u00bb#000000&Prime; text_font_size=\u00a0\u00bb16px\u00a0\u00bb hover_enabled=\u00a0\u00bb0&Prime; global_colors_info=\u00a0\u00bb{}\u00a0\u00bb theme_builder_area=\u00a0\u00bbpost_content\u00a0\u00bb sticky_enabled=\u00a0\u00bb0&Prime;]<\/p>\n<p style=\"font-weight: 400;\">Avec le d\u00e9veloppement de nouveaux outils de communication, il est n\u00e9cessaire de porter une attention particuli\u00e8re \u00e0 la protection de la vie priv\u00e9e. C&rsquo;est pourquoi nous nous engageons \u00e0 respecter la confidentialit\u00e9 des informations personnelles que nous collectons.<\/p>\n<p style=\"font-weight: 400;\"><strong>Collecte des informations personnelles<\/strong><\/p>\n<p style=\"font-weight: 400;\">Nous collectons les informations suivantes :<\/p>\n<p style=\"font-weight: 400;\">Nom<br \/>Pr\u00e9nom<br \/>Adresse postale<br \/>Adresse \u00e9lectronique<br \/>Num\u00e9ro de t\u00e9l\u00e9phone \/ fax<br \/>Num\u00e9ro de carte de cr\u00e9dit<\/p>\n<p style=\"font-weight: 400;\">Les informations personnelles que nous collectons sont recueillies au travers de formulaires et gr\u00e2ce \u00e0 l&rsquo;interactivit\u00e9 \u00e9tablie entre vous et notre site web. Nous utilisons \u00e9galement, comme indiqu\u00e9 dans la section suivante, des cookies et\/ou des journaux pour r\u00e9unir des informations vous concernant.<\/p>\n<p style=\"font-weight: 400;\"><u>Formulaires et interactivit\u00e9<\/u>:<\/p>\n<p style=\"font-weight: 400;\">Vos informations personnelles sont collect\u00e9es par le biais de formulaires, \u00e0 savoir :<\/p>\n<p style=\"font-weight: 400;\">Formulaire d&rsquo;inscription au site web<br \/>Bon de commande<br \/>Sondage d&rsquo;opinion<br \/>Concours<\/p>\n<p style=\"font-weight: 400;\">Nous utilisons les informations ainsi collect\u00e9es pour les finalit\u00e9s suivantes :<\/p>\n<p style=\"font-weight: 400;\">Suivi de la commande<br \/>Informations \/ Offres promotionnelles<br \/>Statistiques<br \/>Contact<br \/>Gestion du site web (pr\u00e9sentation, organisation)<\/p>\n<p style=\"font-weight: 400;\">Vos informations sont \u00e9galement collect\u00e9es par le biais de l&rsquo;interactivit\u00e9 pouvant s&rsquo;\u00e9tablir entre vous et notre site web de la mani\u00e8re suivante :<\/p>\n<p style=\"font-weight: 400;\">Statistiques<br \/>Contact<br \/>Gestion du site web (pr\u00e9sentation, organisation)<\/p>\n<p style=\"font-weight: 400;\">Nous utilisons les informations ainsi collect\u00e9es pour les finalit\u00e9s suivantes :<\/p>\n<p style=\"font-weight: 400;\">Commentaires<br \/>Correspondance<br \/>Informations ou pour des offres promotionnelles<br \/>Fichiers journaux et cookies<\/p>\n<p style=\"font-weight: 400;\">Nous recueillons certaines informations par le biais de fichiers journaux (\u00ab log files \u00bb) et de cookies.<br \/>Il s&rsquo;agit principalement des informations suivantes :<\/p>\n<p style=\"font-weight: 400;\">Pages visit\u00e9es et requ\u00eates<br \/>Heure et jour de connexion<\/p>\n<p style=\"font-weight: 400;\">Le recours \u00e0 de tels fichiers nous permet :<\/p>\n<p style=\"font-weight: 400;\">Am\u00e9lioration du service et accueil personnalis\u00e9<br \/>Profil personnalis\u00e9 de consommation<br \/>Suivi de commande<br \/>Statistiques<br \/>Partage des informations personnelles<\/p>\n<p style=\"font-weight: 400;\">Nous nous engageons \u00e0 ne pas commercialiser les informations personnelles collect\u00e9es.<\/p>\n<p style=\"font-weight: 400;\">Cependant, nous pouvons partager ces informations avec des tiers pour les raisons suivantes :<\/p>\n<p style=\"font-weight: 400;\">Profil de consommation<br \/>Ex\u00e9cution de la commande<br \/>Partenariat<br \/>Publicit\u00e9<\/p>\n<p style=\"font-weight: 400;\">Si vous ne souhaitez pas que vos informations personnelles soient divulgu\u00e9es \u00e0 des tiers, vous pouvez vous y opposer au moment de la collecte ou \u00e0 tout moment par la suite, comme il est mentionn\u00e9 dans la section suivante.<\/p>\n<p style=\"font-weight: 400;\"><strong>Droit d&rsquo;opposition et de retrait<\/strong><\/p>\n<p style=\"font-weight: 400;\">Nous nous engageons \u00e0 vous offrir un droit d&rsquo;opposition et de retrait quant \u00e0 vos informations personnelles. Le droit d&rsquo;opposition s&rsquo;entend comme \u00e9tant la possibilit\u00e9 offerte aux internautes de refuser que leurs informations personnelles soient utilis\u00e9es pour certaines finalit\u00e9s mentionn\u00e9es lors de la collecte.<\/p>\n<p style=\"font-weight: 400;\">Le droit de retrait s&rsquo;entend comme \u00e9tant la possibilit\u00e9 offerte aux internautes de demander \u00e0 ce que leurs informations personnelles ne figurent plus, par exemple, dans une liste de diffusion.<\/p>\n<p style=\"font-weight: 400;\">Pour pouvoir exercer ces droits, vous pouvez nous contacter :<\/p>\n<p style=\"font-weight: 400;\">Adresse postale: 7418 6th street, Office 203, Burnaby, BC (Canada) V3N 3L6<\/p>\n<p style=\"font-weight: 400;\">Courriel : <a href=\"mailto:info@hygeaherbs.com\"><span>info@hygeaherbs.com<\/span><\/a><\/p>\n<p style=\"font-weight: 400;\">T\u00e9l\u00e9phone : +1.6045441313<\/p>\n<p style=\"font-weight: 400;\">Siteweb : www.hygeaherbs.com<\/p>\n<p style=\"font-weight: 400;\"><strong>Droit d&rsquo;acc\u00e8s<\/strong><\/p>\n<p style=\"font-weight: 400;\">Nous nous engageons \u00e0 reconna\u00eetre un droit d&rsquo;acc\u00e8s et de rectification aux personnes concern\u00e9es d\u00e9sireuses de consulter, modifier, voire radier les informations les concernant.<\/p>\n<p style=\"font-weight: 400;\">L&rsquo;exercice de ce droit se fera:<\/p>\n<p style=\"font-weight: 400;\">Adresse postale: 7418 6th street, Office 203, Burnaby, BC (Canada) V3N 3L6<\/p>\n<p style=\"font-weight: 400;\">Courriel : <a href=\"mailto:info@hygeaherbs.com\"><span>info@hygeaherbs.com<\/span><\/a><\/p>\n<p style=\"font-weight: 400;\">T\u00e9l\u00e9phone : +1.6045441313<\/p>\n<p style=\"font-weight: 400;\">Siteweb : www.hygeaherbs.com<\/p>\n<p style=\"font-weight: 400;\"><strong>S\u00e9curit\u00e9<\/strong><\/p>\n<p style=\"font-weight: 400;\">Les informations personnelles que nous collectons sont conserv\u00e9es dans un environnement s\u00e9curis\u00e9.<\/p>\n<p style=\"font-weight: 400;\">Les personnes travaillant pour nous sont tenues de respecter la confidentialit\u00e9 de vos informations.<\/p>\n<p style=\"font-weight: 400;\">Pour assurer la s\u00e9curit\u00e9 de vos informations personnelles, nous avons recours aux mesures suivantes:<\/p>\n<p style=\"font-weight: 400;\">Protocole SSL (Secure Socket Layer)<br \/>Gestion des acc\u00e8s &#8211; personne autoris\u00e9e<br \/>Gestion des acc\u00e8s &#8211; personne concern\u00e9e<br \/>Logiciel de surveillance du r\u00e9seau<br \/>Sauvegarde informatique<br \/>Identifiant \/ mot de passe<br \/>Pare-feux (Firewalls)<\/p>\n<p style=\"font-weight: 400;\">Nous nous engageons \u00e0 maintenir un haut degr\u00e9 de confidentialit\u00e9 en int\u00e9grant les derni\u00e8res innovations technologiques permettant d&rsquo;assurer la confidentialit\u00e9 de vos transactions. Toutefois, comme aucun m\u00e9canisme n&rsquo;offre une s\u00e9curit\u00e9 maximale, une part de risque est toujours pr\u00e9sente lorsqu&rsquo;on utilise Internet pour transmettre des informations personnelles.<\/p>\n<p>[\/et_pb_text][\/et_pb_column][\/et_pb_row][\/et_pb_section]<\/p>\n","protected":false},"excerpt":{"rendered":"<p>Politique de confidentialit\u00e9Avec le d\u00e9veloppement de nouveaux outils de communication, il est n\u00e9cessaire de porter une attention particuli\u00e8re \u00e0 la protection de la vie priv\u00e9e. C&rsquo;est pourquoi nous nous engageons \u00e0 respecter la confidentialit\u00e9 des informations personnelles que nous collectons. Collecte des informations personnelles Nous collectons les informations suivantes : NomPr\u00e9nomAdresse postaleAdresse \u00e9lectroniqueNum\u00e9ro de t\u00e9l\u00e9phone [&hellip;]<\/p>\n","protected":false},"author":1,"featured_media":0,"parent":0,"menu_order":0,"comment_status":"closed","ping_status":"closed","template":"","meta":{"_et_pb_use_builder":"on","_et_pb_old_content":"","_et_gb_content_width":"","wprm-recipe-roundup-name":"","wprm-recipe-roundup-description":"","footnotes":""},"class_list":["post-565","page","type-page","status-publish","hentry"],"yoast_head":"<!-- This site is optimized with the Yoast SEO Premium plugin v26.5 (Yoast SEO v27.2) - https:\/\/yoast.com\/product\/yoast-seo-premium-wordpress\/ -->\n<title>Politique de confidentialit\u00e9 - Hygea Herbs<\/title>\n<meta name=\"robots\" content=\"index, follow, max-snippet:-1, max-image-preview:large, max-video-preview:-1\" \/>\n<link rel=\"canonical\" href=\"https:\/\/hygeaherbs.com\/fr\/politique-de-confidentialite\/\" \/>\n<meta property=\"og:locale\" content=\"fr_FR\" \/>\n<meta property=\"og:type\" content=\"article\" \/>\n<meta property=\"og:title\" content=\"Politique de confidentialit\u00e9\" \/>\n<meta property=\"og:description\" content=\"Politique de confidentialit\u00e9Avec le d\u00e9veloppement de nouveaux outils de communication, il est n\u00e9cessaire de porter une attention particuli\u00e8re \u00e0 la protection de la vie priv\u00e9e. C&#039;est pourquoi nous nous engageons \u00e0 respecter la confidentialit\u00e9 des informations personnelles que nous collectons. Collecte des informations personnelles Nous collectons les informations suivantes : NomPr\u00e9nomAdresse postaleAdresse \u00e9lectroniqueNum\u00e9ro de t\u00e9l\u00e9phone [&hellip;]\" \/>\n<meta property=\"og:url\" content=\"https:\/\/hygeaherbs.com\/fr\/politique-de-confidentialite\/\" \/>\n<meta property=\"og:site_name\" content=\"Hygea Herbs\" \/>\n<meta property=\"article:publisher\" content=\"https:\/\/www.facebook.com\/profile.php?id=61564719942709\" \/>\n<meta property=\"article:modified_time\" content=\"2024-05-24T17:11:52+00:00\" \/>\n<meta name=\"twitter:card\" content=\"summary_large_image\" \/>\n<meta name=\"twitter:label1\" content=\"Dur\u00e9e de lecture estim\u00e9e\" \/>\n\t<meta name=\"twitter:data1\" content=\"4 minutes\" \/>\n<script type=\"application\/ld+json\" class=\"yoast-schema-graph\">{\"@context\":\"https:\/\/schema.org\",\"@graph\":[{\"@type\":\"WebPage\",\"@id\":\"https:\/\/hygeaherbs.com\/fr\/politique-de-confidentialite\/\",\"url\":\"https:\/\/hygeaherbs.com\/fr\/politique-de-confidentialite\/\",\"name\":\"Politique de confidentialit\u00e9 - Hygea Herbs\",\"isPartOf\":{\"@id\":\"https:\/\/hygeaherbs.com\/fr\/#website\"},\"datePublished\":\"2024-05-01T16:09:43+00:00\",\"dateModified\":\"2024-05-24T17:11:52+00:00\",\"breadcrumb\":{\"@id\":\"https:\/\/hygeaherbs.com\/fr\/politique-de-confidentialite\/#breadcrumb\"},\"inLanguage\":\"fr-FR\",\"potentialAction\":[{\"@type\":\"ReadAction\",\"target\":[\"https:\/\/hygeaherbs.com\/fr\/politique-de-confidentialite\/\"]}]},{\"@type\":\"BreadcrumbList\",\"@id\":\"https:\/\/hygeaherbs.com\/fr\/politique-de-confidentialite\/#breadcrumb\",\"itemListElement\":[{\"@type\":\"ListItem\",\"position\":1,\"name\":\"Home\",\"item\":\"https:\/\/hygeaherbs.com\/fr\/\"},{\"@type\":\"ListItem\",\"position\":2,\"name\":\"Politique de confidentialit\u00e9\"}]},{\"@type\":\"WebSite\",\"@id\":\"https:\/\/hygeaherbs.com\/fr\/#website\",\"url\":\"https:\/\/hygeaherbs.com\/fr\/\",\"name\":\"Hygea Herbs\",\"description\":\"Website\",\"publisher\":{\"@id\":\"https:\/\/hygeaherbs.com\/fr\/#organization\"},\"potentialAction\":[{\"@type\":\"SearchAction\",\"target\":{\"@type\":\"EntryPoint\",\"urlTemplate\":\"https:\/\/hygeaherbs.com\/fr\/?s={search_term_string}\"},\"query-input\":{\"@type\":\"PropertyValueSpecification\",\"valueRequired\":true,\"valueName\":\"search_term_string\"}}],\"inLanguage\":\"fr-FR\"},{\"@type\":\"Organization\",\"@id\":\"https:\/\/hygeaherbs.com\/fr\/#organization\",\"name\":\"Hygea Herbs\",\"url\":\"https:\/\/hygeaherbs.com\/fr\/\",\"logo\":{\"@type\":\"ImageObject\",\"inLanguage\":\"fr-FR\",\"@id\":\"https:\/\/hygeaherbs.com\/fr\/#\/schema\/logo\/image\/\",\"url\":\"https:\/\/hygeaherbs.com\/wp-content\/uploads\/2024\/10\/hygea_favicon.jpg\",\"contentUrl\":\"https:\/\/hygeaherbs.com\/wp-content\/uploads\/2024\/10\/hygea_favicon.jpg\",\"width\":512,\"height\":512,\"caption\":\"Hygea Herbs\"},\"image\":{\"@id\":\"https:\/\/hygeaherbs.com\/fr\/#\/schema\/logo\/image\/\"},\"sameAs\":[\"https:\/\/www.facebook.com\/profile.php?id=61564719942709\"]}]}<\/script>\n<!-- \/ Yoast SEO Premium plugin. -->","yoast_head_json":{"title":"Politique de confidentialit\u00e9 - Hygea Herbs","robots":{"index":"index","follow":"follow","max-snippet":"max-snippet:-1","max-image-preview":"max-image-preview:large","max-video-preview":"max-video-preview:-1"},"canonical":"https:\/\/hygeaherbs.com\/fr\/politique-de-confidentialite\/","og_locale":"fr_FR","og_type":"article","og_title":"Politique de confidentialit\u00e9","og_description":"Politique de confidentialit\u00e9Avec le d\u00e9veloppement de nouveaux outils de communication, il est n\u00e9cessaire de porter une attention particuli\u00e8re \u00e0 la protection de la vie priv\u00e9e. C'est pourquoi nous nous engageons \u00e0 respecter la confidentialit\u00e9 des informations personnelles que nous collectons. Collecte des informations personnelles Nous collectons les informations suivantes : NomPr\u00e9nomAdresse postaleAdresse \u00e9lectroniqueNum\u00e9ro de t\u00e9l\u00e9phone [&hellip;]","og_url":"https:\/\/hygeaherbs.com\/fr\/politique-de-confidentialite\/","og_site_name":"Hygea Herbs","article_publisher":"https:\/\/www.facebook.com\/profile.php?id=61564719942709","article_modified_time":"2024-05-24T17:11:52+00:00","twitter_card":"summary_large_image","twitter_misc":{"Dur\u00e9e de lecture estim\u00e9e":"4 minutes"},"schema":{"@context":"https:\/\/schema.org","@graph":[{"@type":"WebPage","@id":"https:\/\/hygeaherbs.com\/fr\/politique-de-confidentialite\/","url":"https:\/\/hygeaherbs.com\/fr\/politique-de-confidentialite\/","name":"Politique de confidentialit\u00e9 - Hygea Herbs","isPartOf":{"@id":"https:\/\/hygeaherbs.com\/fr\/#website"},"datePublished":"2024-05-01T16:09:43+00:00","dateModified":"2024-05-24T17:11:52+00:00","breadcrumb":{"@id":"https:\/\/hygeaherbs.com\/fr\/politique-de-confidentialite\/#breadcrumb"},"inLanguage":"fr-FR","potentialAction":[{"@type":"ReadAction","target":["https:\/\/hygeaherbs.com\/fr\/politique-de-confidentialite\/"]}]},{"@type":"BreadcrumbList","@id":"https:\/\/hygeaherbs.com\/fr\/politique-de-confidentialite\/#breadcrumb","itemListElement":[{"@type":"ListItem","position":1,"name":"Home","item":"https:\/\/hygeaherbs.com\/fr\/"},{"@type":"ListItem","position":2,"name":"Politique de confidentialit\u00e9"}]},{"@type":"WebSite","@id":"https:\/\/hygeaherbs.com\/fr\/#website","url":"https:\/\/hygeaherbs.com\/fr\/","name":"Hygea Herbs","description":"Website","publisher":{"@id":"https:\/\/hygeaherbs.com\/fr\/#organization"},"potentialAction":[{"@type":"SearchAction","target":{"@type":"EntryPoint","urlTemplate":"https:\/\/hygeaherbs.com\/fr\/?s={search_term_string}"},"query-input":{"@type":"PropertyValueSpecification","valueRequired":true,"valueName":"search_term_string"}}],"inLanguage":"fr-FR"},{"@type":"Organization","@id":"https:\/\/hygeaherbs.com\/fr\/#organization","name":"Hygea Herbs","url":"https:\/\/hygeaherbs.com\/fr\/","logo":{"@type":"ImageObject","inLanguage":"fr-FR","@id":"https:\/\/hygeaherbs.com\/fr\/#\/schema\/logo\/image\/","url":"https:\/\/hygeaherbs.com\/wp-content\/uploads\/2024\/10\/hygea_favicon.jpg","contentUrl":"https:\/\/hygeaherbs.com\/wp-content\/uploads\/2024\/10\/hygea_favicon.jpg","width":512,"height":512,"caption":"Hygea Herbs"},"image":{"@id":"https:\/\/hygeaherbs.com\/fr\/#\/schema\/logo\/image\/"},"sameAs":["https:\/\/www.facebook.com\/profile.php?id=61564719942709"]}]}},"_links":{"self":[{"href":"https:\/\/hygeaherbs.com\/fr\/wp-json\/wp\/v2\/pages\/565","targetHints":{"allow":["GET"]}}],"collection":[{"href":"https:\/\/hygeaherbs.com\/fr\/wp-json\/wp\/v2\/pages"}],"about":[{"href":"https:\/\/hygeaherbs.com\/fr\/wp-json\/wp\/v2\/types\/page"}],"author":[{"embeddable":true,"href":"https:\/\/hygeaherbs.com\/fr\/wp-json\/wp\/v2\/users\/1"}],"replies":[{"embeddable":true,"href":"https:\/\/hygeaherbs.com\/fr\/wp-json\/wp\/v2\/comments?post=565"}],"version-history":[{"count":2,"href":"https:\/\/hygeaherbs.com\/fr\/wp-json\/wp\/v2\/pages\/565\/revisions"}],"predecessor-version":[{"id":567,"href":"https:\/\/hygeaherbs.com\/fr\/wp-json\/wp\/v2\/pages\/565\/revisions\/567"}],"wp:attachment":[{"href":"https:\/\/hygeaherbs.com\/fr\/wp-json\/wp\/v2\/media?parent=565"}],"curies":[{"name":"wp","href":"https:\/\/api.w.org\/{rel}","templated":true}]}}