{"id":511,"date":"2024-05-16T18:01:20","date_gmt":"2024-05-16T18:01:20","guid":{"rendered":"https:\/\/hygeaherbs.com\/politique-de-retour-et-dechange\/"},"modified":"2024-05-23T18:06:03","modified_gmt":"2024-05-23T18:06:03","slug":"politique-de-retour-et-dechange","status":"publish","type":"page","link":"https:\/\/hygeaherbs.com\/fr\/politique-de-retour-et-dechange\/","title":{"rendered":"Politique de retour et d&rsquo;\u00e9change"},"content":{"rendered":"<p>[et_pb_section fb_built=\u00a0\u00bb1&Prime; _builder_version=\u00a0\u00bb4.24.3&Prime; _module_preset=\u00a0\u00bbdefault\u00a0\u00bb global_colors_info=\u00a0\u00bb{}\u00a0\u00bb][et_pb_row _builder_version=\u00a0\u00bb4.24.3&Prime; _module_preset=\u00a0\u00bbdefault\u00a0\u00bb global_colors_info=\u00a0\u00bb{}\u00a0\u00bb][et_pb_column type=\u00a0\u00bb4_4&Prime; _builder_version=\u00a0\u00bb4.24.3&Prime; _module_preset=\u00a0\u00bbdefault\u00a0\u00bb global_colors_info=\u00a0\u00bb{}\u00a0\u00bb][et_pb_text _builder_version=\u00a0\u00bb4.25.1&Prime; _module_preset=\u00a0\u00bbdefault\u00a0\u00bb hover_enabled=\u00a0\u00bb0&Prime; global_colors_info=\u00a0\u00bb{}\u00a0\u00bb sticky_enabled=\u00a0\u00bb0&Prime;]<\/p>\n<h1>Politique de retour et d&rsquo;\u00e9change<\/h1>\n<p>[\/et_pb_text][et_pb_text _builder_version=\u00a0\u00bb4.25.1&Prime; _module_preset=\u00a0\u00bbdefault\u00a0\u00bb text_text_color=\u00a0\u00bb#000000&Prime; text_font_size=\u00a0\u00bb16px\u00a0\u00bb hover_enabled=\u00a0\u00bb0&Prime; global_colors_info=\u00a0\u00bb{}\u00a0\u00bb sticky_enabled=\u00a0\u00bb0&Prime;]Toutes les ventes sont finales. Hygea Herbs et notre fabricant se conforment aux r\u00e9glementations de Sant\u00e9 Canada. Ils respectent les normes de l&rsquo;industrie, ce qui garantit la qualit\u00e9 et la pr\u00e9servation de chaque produit. Pour cette raison, tout retour ou \u00e9change d&rsquo;un produit ne sera accept\u00e9 que dans les 5 jours suivant l&rsquo;achat, \u00e0 condition qu&rsquo;il soit retourn\u00e9 dans le m\u00eame \u00e9tat qu&rsquo;il a \u00e9t\u00e9 re\u00e7u. <\/p>\n<p>Pour obtenir un \u00e9change ou un cr\u00e9dit sur un ou plusieurs produits, ceux-ci doivent \u00eatre retourn\u00e9s \u00e0 Hygea Herbs. Cette politique s&rsquo;applique \u00e9galement dans le cas o\u00f9 une bouteille a \u00e9t\u00e9 endommag\u00e9e. Sans le retour dudit produit, Hygea Herbs se r\u00e9serve le droit de refuser un \u00e9change ou un cr\u00e9dit m\u00eame si la demande a \u00e9t\u00e9 soumise dans le d\u00e9lai de 5 jours. <\/p>\n<p>Une fois ce d\u00e9lai pass\u00e9, Hygea Herbs n&rsquo;acceptera aucun retour. En cas de rappel par le fabricant, nous informerons nos clients.[\/et_pb_text][\/et_pb_column][\/et_pb_row][\/et_pb_section]<\/p>\n","protected":false},"excerpt":{"rendered":"<p>Politique de retour et d&rsquo;\u00e9changeToutes les ventes sont finales. Hygea Herbs et notre fabricant se conforment aux r\u00e9glementations de Sant\u00e9 Canada. Ils respectent les normes de l&rsquo;industrie, ce qui garantit la qualit\u00e9 et la pr\u00e9servation de chaque produit. Pour cette raison, tout retour ou \u00e9change d&rsquo;un produit ne sera accept\u00e9 que dans les 5 jours [&hellip;]<\/p>\n","protected":false},"author":1,"featured_media":0,"parent":0,"menu_order":0,"comment_status":"closed","ping_status":"closed","template":"","meta":{"_et_pb_use_builder":"on","_et_pb_old_content":"","_et_gb_content_width":"","wprm-recipe-roundup-name":"","wprm-recipe-roundup-description":"","footnotes":""},"class_list":["post-511","page","type-page","status-publish","hentry"],"yoast_head":"<!-- This site is optimized with the Yoast SEO Premium plugin v26.5 (Yoast SEO v27.2) - https:\/\/yoast.com\/product\/yoast-seo-premium-wordpress\/ -->\n<title>Politique de retour et d&#039;\u00e9change - Hygea Herbs<\/title>\n<meta name=\"robots\" content=\"index, follow, max-snippet:-1, max-image-preview:large, max-video-preview:-1\" \/>\n<link rel=\"canonical\" href=\"https:\/\/hygeaherbs.com\/fr\/politique-de-retour-et-dechange\/\" \/>\n<meta property=\"og:locale\" content=\"fr_FR\" \/>\n<meta property=\"og:type\" content=\"article\" \/>\n<meta property=\"og:title\" content=\"Politique de retour et d&#039;\u00e9change\" \/>\n<meta property=\"og:description\" content=\"Politique de retour et d&#039;\u00e9changeToutes les ventes sont finales. Hygea Herbs et notre fabricant se conforment aux r\u00e9glementations de Sant\u00e9 Canada. Ils respectent les normes de l&#039;industrie, ce qui garantit la qualit\u00e9 et la pr\u00e9servation de chaque produit. Pour cette raison, tout retour ou \u00e9change d&#039;un produit ne sera accept\u00e9 que dans les 5 jours [&hellip;]\" \/>\n<meta property=\"og:url\" content=\"https:\/\/hygeaherbs.com\/fr\/politique-de-retour-et-dechange\/\" \/>\n<meta property=\"og:site_name\" content=\"Hygea Herbs\" \/>\n<meta property=\"article:publisher\" content=\"https:\/\/www.facebook.com\/profile.php?id=61564719942709\" \/>\n<meta property=\"article:modified_time\" content=\"2024-05-23T18:06:03+00:00\" \/>\n<meta name=\"twitter:card\" content=\"summary_large_image\" \/>\n<meta name=\"twitter:label1\" content=\"Dur\u00e9e de lecture estim\u00e9e\" \/>\n\t<meta name=\"twitter:data1\" content=\"1 minute\" \/>\n<script type=\"application\/ld+json\" class=\"yoast-schema-graph\">{\"@context\":\"https:\/\/schema.org\",\"@graph\":[{\"@type\":\"WebPage\",\"@id\":\"https:\/\/hygeaherbs.com\/fr\/politique-de-retour-et-dechange\/\",\"url\":\"https:\/\/hygeaherbs.com\/fr\/politique-de-retour-et-dechange\/\",\"name\":\"Politique de retour et d'\u00e9change - Hygea Herbs\",\"isPartOf\":{\"@id\":\"https:\/\/hygeaherbs.com\/fr\/#website\"},\"datePublished\":\"2024-05-16T18:01:20+00:00\",\"dateModified\":\"2024-05-23T18:06:03+00:00\",\"breadcrumb\":{\"@id\":\"https:\/\/hygeaherbs.com\/fr\/politique-de-retour-et-dechange\/#breadcrumb\"},\"inLanguage\":\"fr-FR\",\"potentialAction\":[{\"@type\":\"ReadAction\",\"target\":[\"https:\/\/hygeaherbs.com\/fr\/politique-de-retour-et-dechange\/\"]}]},{\"@type\":\"BreadcrumbList\",\"@id\":\"https:\/\/hygeaherbs.com\/fr\/politique-de-retour-et-dechange\/#breadcrumb\",\"itemListElement\":[{\"@type\":\"ListItem\",\"position\":1,\"name\":\"Home\",\"item\":\"https:\/\/hygeaherbs.com\/fr\/\"},{\"@type\":\"ListItem\",\"position\":2,\"name\":\"Politique de retour et d&#8217;\u00e9change\"}]},{\"@type\":\"WebSite\",\"@id\":\"https:\/\/hygeaherbs.com\/fr\/#website\",\"url\":\"https:\/\/hygeaherbs.com\/fr\/\",\"name\":\"Hygea Herbs\",\"description\":\"Website\",\"publisher\":{\"@id\":\"https:\/\/hygeaherbs.com\/fr\/#organization\"},\"potentialAction\":[{\"@type\":\"SearchAction\",\"target\":{\"@type\":\"EntryPoint\",\"urlTemplate\":\"https:\/\/hygeaherbs.com\/fr\/?s={search_term_string}\"},\"query-input\":{\"@type\":\"PropertyValueSpecification\",\"valueRequired\":true,\"valueName\":\"search_term_string\"}}],\"inLanguage\":\"fr-FR\"},{\"@type\":\"Organization\",\"@id\":\"https:\/\/hygeaherbs.com\/fr\/#organization\",\"name\":\"Hygea Herbs\",\"url\":\"https:\/\/hygeaherbs.com\/fr\/\",\"logo\":{\"@type\":\"ImageObject\",\"inLanguage\":\"fr-FR\",\"@id\":\"https:\/\/hygeaherbs.com\/fr\/#\/schema\/logo\/image\/\",\"url\":\"https:\/\/hygeaherbs.com\/wp-content\/uploads\/2024\/10\/hygea_favicon.jpg\",\"contentUrl\":\"https:\/\/hygeaherbs.com\/wp-content\/uploads\/2024\/10\/hygea_favicon.jpg\",\"width\":512,\"height\":512,\"caption\":\"Hygea Herbs\"},\"image\":{\"@id\":\"https:\/\/hygeaherbs.com\/fr\/#\/schema\/logo\/image\/\"},\"sameAs\":[\"https:\/\/www.facebook.com\/profile.php?id=61564719942709\"]}]}<\/script>\n<!-- \/ Yoast SEO Premium plugin. -->","yoast_head_json":{"title":"Politique de retour et d'\u00e9change - Hygea Herbs","robots":{"index":"index","follow":"follow","max-snippet":"max-snippet:-1","max-image-preview":"max-image-preview:large","max-video-preview":"max-video-preview:-1"},"canonical":"https:\/\/hygeaherbs.com\/fr\/politique-de-retour-et-dechange\/","og_locale":"fr_FR","og_type":"article","og_title":"Politique de retour et d'\u00e9change","og_description":"Politique de retour et d'\u00e9changeToutes les ventes sont finales. Hygea Herbs et notre fabricant se conforment aux r\u00e9glementations de Sant\u00e9 Canada. Ils respectent les normes de l'industrie, ce qui garantit la qualit\u00e9 et la pr\u00e9servation de chaque produit. Pour cette raison, tout retour ou \u00e9change d'un produit ne sera accept\u00e9 que dans les 5 jours [&hellip;]","og_url":"https:\/\/hygeaherbs.com\/fr\/politique-de-retour-et-dechange\/","og_site_name":"Hygea Herbs","article_publisher":"https:\/\/www.facebook.com\/profile.php?id=61564719942709","article_modified_time":"2024-05-23T18:06:03+00:00","twitter_card":"summary_large_image","twitter_misc":{"Dur\u00e9e de lecture estim\u00e9e":"1 minute"},"schema":{"@context":"https:\/\/schema.org","@graph":[{"@type":"WebPage","@id":"https:\/\/hygeaherbs.com\/fr\/politique-de-retour-et-dechange\/","url":"https:\/\/hygeaherbs.com\/fr\/politique-de-retour-et-dechange\/","name":"Politique de retour et d'\u00e9change - Hygea Herbs","isPartOf":{"@id":"https:\/\/hygeaherbs.com\/fr\/#website"},"datePublished":"2024-05-16T18:01:20+00:00","dateModified":"2024-05-23T18:06:03+00:00","breadcrumb":{"@id":"https:\/\/hygeaherbs.com\/fr\/politique-de-retour-et-dechange\/#breadcrumb"},"inLanguage":"fr-FR","potentialAction":[{"@type":"ReadAction","target":["https:\/\/hygeaherbs.com\/fr\/politique-de-retour-et-dechange\/"]}]},{"@type":"BreadcrumbList","@id":"https:\/\/hygeaherbs.com\/fr\/politique-de-retour-et-dechange\/#breadcrumb","itemListElement":[{"@type":"ListItem","position":1,"name":"Home","item":"https:\/\/hygeaherbs.com\/fr\/"},{"@type":"ListItem","position":2,"name":"Politique de retour et d&#8217;\u00e9change"}]},{"@type":"WebSite","@id":"https:\/\/hygeaherbs.com\/fr\/#website","url":"https:\/\/hygeaherbs.com\/fr\/","name":"Hygea Herbs","description":"Website","publisher":{"@id":"https:\/\/hygeaherbs.com\/fr\/#organization"},"potentialAction":[{"@type":"SearchAction","target":{"@type":"EntryPoint","urlTemplate":"https:\/\/hygeaherbs.com\/fr\/?s={search_term_string}"},"query-input":{"@type":"PropertyValueSpecification","valueRequired":true,"valueName":"search_term_string"}}],"inLanguage":"fr-FR"},{"@type":"Organization","@id":"https:\/\/hygeaherbs.com\/fr\/#organization","name":"Hygea Herbs","url":"https:\/\/hygeaherbs.com\/fr\/","logo":{"@type":"ImageObject","inLanguage":"fr-FR","@id":"https:\/\/hygeaherbs.com\/fr\/#\/schema\/logo\/image\/","url":"https:\/\/hygeaherbs.com\/wp-content\/uploads\/2024\/10\/hygea_favicon.jpg","contentUrl":"https:\/\/hygeaherbs.com\/wp-content\/uploads\/2024\/10\/hygea_favicon.jpg","width":512,"height":512,"caption":"Hygea Herbs"},"image":{"@id":"https:\/\/hygeaherbs.com\/fr\/#\/schema\/logo\/image\/"},"sameAs":["https:\/\/www.facebook.com\/profile.php?id=61564719942709"]}]}},"_links":{"self":[{"href":"https:\/\/hygeaherbs.com\/fr\/wp-json\/wp\/v2\/pages\/511","targetHints":{"allow":["GET"]}}],"collection":[{"href":"https:\/\/hygeaherbs.com\/fr\/wp-json\/wp\/v2\/pages"}],"about":[{"href":"https:\/\/hygeaherbs.com\/fr\/wp-json\/wp\/v2\/types\/page"}],"author":[{"embeddable":true,"href":"https:\/\/hygeaherbs.com\/fr\/wp-json\/wp\/v2\/users\/1"}],"replies":[{"embeddable":true,"href":"https:\/\/hygeaherbs.com\/fr\/wp-json\/wp\/v2\/comments?post=511"}],"version-history":[{"count":2,"href":"https:\/\/hygeaherbs.com\/fr\/wp-json\/wp\/v2\/pages\/511\/revisions"}],"predecessor-version":[{"id":513,"href":"https:\/\/hygeaherbs.com\/fr\/wp-json\/wp\/v2\/pages\/511\/revisions\/513"}],"wp:attachment":[{"href":"https:\/\/hygeaherbs.com\/fr\/wp-json\/wp\/v2\/media?parent=511"}],"curies":[{"name":"wp","href":"https:\/\/api.w.org\/{rel}","templated":true}]}}