{"id":508,"date":"2024-04-05T20:48:38","date_gmt":"2024-04-06T03:48:38","guid":{"rendered":"https:\/\/hygeaherbs.com\/a-propos\/"},"modified":"2024-11-29T14:40:48","modified_gmt":"2024-11-29T22:40:48","slug":"a-propos","status":"publish","type":"page","link":"https:\/\/hygeaherbs.com\/fr\/a-propos\/","title":{"rendered":"\u00c0 propos"},"content":{"rendered":"<p>[et_pb_section fb_built=\u00a0\u00bb1&Prime; _builder_version=\u00a0\u00bb4.24.3&Prime; _module_preset=\u00a0\u00bbdefault\u00a0\u00bb background_image=\u00a0\u00bbhttps:\/\/hygeaherbs.com\/wp-content\/uploads\/2024\/04\/About_Slider3.jpg\u00a0\u00bb custom_padding=\u00a0\u00bb250px||250px||true|false\u00a0\u00bb global_colors_info=\u00a0\u00bb{}\u00a0\u00bb][\/et_pb_section][et_pb_section fb_built=\u00a0\u00bb1&Prime; _builder_version=\u00a0\u00bb4.24.3&Prime; _module_preset=\u00a0\u00bbdefault\u00a0\u00bb global_colors_info=\u00a0\u00bb{}\u00a0\u00bb][et_pb_row _builder_version=\u00a0\u00bb4.24.3&Prime; _module_preset=\u00a0\u00bbdefault\u00a0\u00bb global_colors_info=\u00a0\u00bb{}\u00a0\u00bb][et_pb_column type=\u00a0\u00bb4_4&Prime; _builder_version=\u00a0\u00bb4.24.3&Prime; _module_preset=\u00a0\u00bbdefault\u00a0\u00bb global_colors_info=\u00a0\u00bb{}\u00a0\u00bb][et_pb_text _builder_version=\u00a0\u00bb4.24.3&Prime; _module_preset=\u00a0\u00bbdefault\u00a0\u00bb global_colors_info=\u00a0\u00bb{}\u00a0\u00bb]<\/p>\n<h1>\u00c0 propos de notre fondatrice<\/h1>\n<p>[\/et_pb_text][et_pb_text _builder_version=\u00a0\u00bb4.24.3&Prime; _module_preset=\u00a0\u00bbdefault\u00a0\u00bb text_text_color=\u00a0\u00bb#000000&Prime; text_font_size=\u00a0\u00bb16px\u00a0\u00bb global_colors_info=\u00a0\u00bb{}\u00a0\u00bb]<\/p>\n<p>Anna est une naturopathe certifi\u00e9e et reconnue au Qu\u00e9bec. Elle est membre de l&rsquo;Association des Naturopathes Professionnels du Qu\u00e9bec &#8211; ANPQ.<br \/>Anna est une th\u00e9rapeute clinicienne en phytoth\u00e9rapie, certifi\u00e9e en Colombie-Britannique, et pratique dans tout le Canada. Elle a obtenu son dipl\u00f4me en naturopathie au Coll\u00e8ge Limoges \u00e0 Montr\u00e9al, et son dipl\u00f4me de medicine phytotherapeutique au Dominion Herbal College \u00e0 Vancouver, en Colombie-Britannique. Elle a poursuivi ses \u00e9tudes en phytochimie des plantes m\u00e9dicinales \u00e0 l\u2019\u00e9cole Herbal Constituents au Colorado. Elle a \u00e9tudi\u00e9 sous la direction parmi les meilleurs praticiens de la m\u00e9decine alternative et holistique tels que Christian Limoges, le Dr Robert Morse, Lisa Ganora et Deepak Chopra.<\/p>\n<p>La vision et le d\u00e9sir d\u2019Anna sont d\u2019\u00e9duquer et rendre autant de personnes autonomes que possible sur la compr\u00e9hension de la physiologie de leur corps.<\/p>\n<p>[\/et_pb_text][et_pb_text _builder_version=\u00a0\u00bb4.24.3&Prime; _module_preset=\u00a0\u00bbdefault\u00a0\u00bb text_text_color=\u00a0\u00bb#000000&Prime; text_font_size=\u00a0\u00bb16px\u00a0\u00bb global_colors_info=\u00a0\u00bb{}\u00a0\u00bb]<\/p>\n<p>\u2022 Comment ils peuvent nettoyer, nourrir et r\u00e9g\u00e9n\u00e9rer le corps.<br \/>\u2022 Comment ils devraient choisir judicieusement leurs nutriments et se tourner vers des aliments vivants, tels que les fruits et les l\u00e9gumes, au lieu d&rsquo;aliments morts et appauvris en nutriments.<br \/>\u2022 Comment la consommation d&rsquo;aliments acides et l&rsquo;exposition quotidienne \u00e0 des produits chimiques toxiques d\u00e9g\u00e9n\u00e8rent nos cellules.<br \/>\u2022 Comment comprendre et am\u00e9liorer nos d\u00e9cisions quotidiennes nous permet de retrouver une v\u00e9ritable sant\u00e9, et nous \u00e9loigne de la maladie.<br \/>\u2022 Comment la nourriture est un m\u00e9dicament et ne doit pas \u00eatre remplac\u00e9e par des suppl\u00e9ments.<\/p>\n<p>[\/et_pb_text][et_pb_text _builder_version=\u00a0\u00bb4.24.3&Prime; _module_preset=\u00a0\u00bbdefault\u00a0\u00bb text_text_color=\u00a0\u00bb#000000&Prime; text_font_size=\u00a0\u00bb16px\u00a0\u00bb global_colors_info=\u00a0\u00bb{}\u00a0\u00bb]<\/p>\n<p><strong>Rien n&rsquo;est plus important que la sant\u00e9.<\/strong> Peu importe l&rsquo;\u00e2ge ou l&rsquo;endroit o\u00f9 vous vivez dans ce grand monde, nous souhaitons tous vivre en bonne sant\u00e9. C&rsquo;est notre plus grand atout. La sant\u00e9 comprend l&rsquo;\u00e9quilibre physique, \u00e9motionnel, mental et spirituel. Nous avons n\u00e9glig\u00e9 ces domaines de la sant\u00e9 pendant trop longtemps. Reconnectez-vous avec votre alimentation et vos agriculteurs locaux. Trouvez du temps pour renforcer les liens communautaires avec les autres. Il n&rsquo;est pas difficile de comprendre quels aliments nous devrions consommer et lesquels nous ne devrions pas. Il n&rsquo;est pas non plus difficile de comprendre \u00e0 quel point la famille et les amiti\u00e9s sont importantes pour la sant\u00e9, et pourquoi ces connexions nous apportent de la joie, de l&rsquo;\u00e9nergie positive et un soutien n\u00e9cessaire. Les humains ont besoin d&rsquo;autres humains !<\/p>\n<p>Malheureusement, les \u00ab\u00a0grandes entreprises\u00a0\u00bb d\u00e9cident de ce que vous entendez et voyez sur la sant\u00e9. Il n&rsquo;est donc pas \u00e9tonnant que beaucoup soient confus et frustr\u00e9s. Nous vous encourageons \u00e0 trouver votre propre chemin, \u00e0 poser des questions, \u00e0 \u00eatre audacieux et \u00e0 vous \u00e9duquer sur la vraie sant\u00e9 et le bien-\u00eatre. Pouvez-vous voir ce que la nature a \u00e0 vous offrir ? Cela vous aidera a comprendre la sant\u00e9 et comment on la perd. Vous \u00eates entour\u00e9 de l&rsquo;\u00e9nergie vibratoire de la nourriture, des herbes et de la plan\u00e8te. Connectez-vous avec elle.<\/p>\n<p>Comme le dit le vieil adage, une personne en bonne sant\u00e9 a mille souhaits ; une personne malade n&rsquo;en a qu&rsquo;un seul.<\/p>\n<p><strong>\u00ab\u00a0Je vous souhaite sant\u00e9 et bonheur toujours. Que Dieu vous b\u00e9nisse.\u00a0\u00bb<\/strong><\/p>\n<p><strong>Anna Martello, N.D., CHT<\/strong><\/p>\n<p>[\/et_pb_text][\/et_pb_column][\/et_pb_row][\/et_pb_section]<\/p>\n","protected":false},"excerpt":{"rendered":"<p>\u00c0 propos de notre fondatriceAnna est une naturopathe certifi\u00e9e et reconnue au Qu\u00e9bec. Elle est membre de l&rsquo;Association des Naturopathes Professionnels du Qu\u00e9bec &#8211; ANPQ.Anna est une th\u00e9rapeute clinicienne en phytoth\u00e9rapie, certifi\u00e9e en Colombie-Britannique, et pratique dans tout le Canada. Elle a obtenu son dipl\u00f4me en naturopathie au Coll\u00e8ge Limoges \u00e0 Montr\u00e9al, et son dipl\u00f4me [&hellip;]<\/p>\n","protected":false},"author":1,"featured_media":0,"parent":0,"menu_order":0,"comment_status":"closed","ping_status":"closed","template":"","meta":{"_et_pb_use_builder":"on","_et_pb_old_content":"","_et_gb_content_width":"","wprm-recipe-roundup-name":"","wprm-recipe-roundup-description":"","footnotes":""},"class_list":["post-508","page","type-page","status-publish","hentry"],"yoast_head":"<!-- This site is optimized with the Yoast SEO Premium plugin v26.5 (Yoast SEO v27.2) - https:\/\/yoast.com\/product\/yoast-seo-premium-wordpress\/ -->\n<title>\u00c0 propos - Hygea Herbs<\/title>\n<meta name=\"robots\" content=\"index, follow, max-snippet:-1, max-image-preview:large, max-video-preview:-1\" \/>\n<link rel=\"canonical\" href=\"https:\/\/hygeaherbs.com\/fr\/a-propos\/\" \/>\n<meta property=\"og:locale\" content=\"fr_FR\" \/>\n<meta property=\"og:type\" content=\"article\" \/>\n<meta property=\"og:title\" content=\"\u00c0 propos\" \/>\n<meta property=\"og:description\" content=\"\u00c0 propos de notre fondatriceAnna est une naturopathe certifi\u00e9e et reconnue au Qu\u00e9bec. Elle est membre de l&#039;Association des Naturopathes Professionnels du Qu\u00e9bec - ANPQ.Anna est une th\u00e9rapeute clinicienne en phytoth\u00e9rapie, certifi\u00e9e en Colombie-Britannique, et pratique dans tout le Canada. Elle a obtenu son dipl\u00f4me en naturopathie au Coll\u00e8ge Limoges \u00e0 Montr\u00e9al, et son dipl\u00f4me [&hellip;]\" \/>\n<meta property=\"og:url\" content=\"https:\/\/hygeaherbs.com\/fr\/a-propos\/\" \/>\n<meta property=\"og:site_name\" content=\"Hygea Herbs\" \/>\n<meta property=\"article:publisher\" content=\"https:\/\/www.facebook.com\/profile.php?id=61564719942709\" \/>\n<meta property=\"article:modified_time\" content=\"2024-11-29T22:40:48+00:00\" \/>\n<meta name=\"twitter:card\" content=\"summary_large_image\" \/>\n<meta name=\"twitter:label1\" content=\"Dur\u00e9e de lecture estim\u00e9e\" \/>\n\t<meta name=\"twitter:data1\" content=\"3 minutes\" \/>\n<script type=\"application\/ld+json\" class=\"yoast-schema-graph\">{\"@context\":\"https:\/\/schema.org\",\"@graph\":[{\"@type\":\"WebPage\",\"@id\":\"https:\/\/hygeaherbs.com\/fr\/a-propos\/\",\"url\":\"https:\/\/hygeaherbs.com\/fr\/a-propos\/\",\"name\":\"\u00c0 propos - Hygea Herbs\",\"isPartOf\":{\"@id\":\"https:\/\/hygeaherbs.com\/fr\/#website\"},\"datePublished\":\"2024-04-06T03:48:38+00:00\",\"dateModified\":\"2024-11-29T22:40:48+00:00\",\"breadcrumb\":{\"@id\":\"https:\/\/hygeaherbs.com\/fr\/a-propos\/#breadcrumb\"},\"inLanguage\":\"fr-FR\",\"potentialAction\":[{\"@type\":\"ReadAction\",\"target\":[\"https:\/\/hygeaherbs.com\/fr\/a-propos\/\"]}]},{\"@type\":\"BreadcrumbList\",\"@id\":\"https:\/\/hygeaherbs.com\/fr\/a-propos\/#breadcrumb\",\"itemListElement\":[{\"@type\":\"ListItem\",\"position\":1,\"name\":\"Home\",\"item\":\"https:\/\/hygeaherbs.com\/fr\/\"},{\"@type\":\"ListItem\",\"position\":2,\"name\":\"\u00c0 propos\"}]},{\"@type\":\"WebSite\",\"@id\":\"https:\/\/hygeaherbs.com\/fr\/#website\",\"url\":\"https:\/\/hygeaherbs.com\/fr\/\",\"name\":\"Hygea Herbs\",\"description\":\"Website\",\"publisher\":{\"@id\":\"https:\/\/hygeaherbs.com\/fr\/#organization\"},\"potentialAction\":[{\"@type\":\"SearchAction\",\"target\":{\"@type\":\"EntryPoint\",\"urlTemplate\":\"https:\/\/hygeaherbs.com\/fr\/?s={search_term_string}\"},\"query-input\":{\"@type\":\"PropertyValueSpecification\",\"valueRequired\":true,\"valueName\":\"search_term_string\"}}],\"inLanguage\":\"fr-FR\"},{\"@type\":\"Organization\",\"@id\":\"https:\/\/hygeaherbs.com\/fr\/#organization\",\"name\":\"Hygea Herbs\",\"url\":\"https:\/\/hygeaherbs.com\/fr\/\",\"logo\":{\"@type\":\"ImageObject\",\"inLanguage\":\"fr-FR\",\"@id\":\"https:\/\/hygeaherbs.com\/fr\/#\/schema\/logo\/image\/\",\"url\":\"https:\/\/hygeaherbs.com\/wp-content\/uploads\/2024\/10\/hygea_favicon.jpg\",\"contentUrl\":\"https:\/\/hygeaherbs.com\/wp-content\/uploads\/2024\/10\/hygea_favicon.jpg\",\"width\":512,\"height\":512,\"caption\":\"Hygea Herbs\"},\"image\":{\"@id\":\"https:\/\/hygeaherbs.com\/fr\/#\/schema\/logo\/image\/\"},\"sameAs\":[\"https:\/\/www.facebook.com\/profile.php?id=61564719942709\"]}]}<\/script>\n<!-- \/ Yoast SEO Premium plugin. -->","yoast_head_json":{"title":"\u00c0 propos - Hygea Herbs","robots":{"index":"index","follow":"follow","max-snippet":"max-snippet:-1","max-image-preview":"max-image-preview:large","max-video-preview":"max-video-preview:-1"},"canonical":"https:\/\/hygeaherbs.com\/fr\/a-propos\/","og_locale":"fr_FR","og_type":"article","og_title":"\u00c0 propos","og_description":"\u00c0 propos de notre fondatriceAnna est une naturopathe certifi\u00e9e et reconnue au Qu\u00e9bec. Elle est membre de l'Association des Naturopathes Professionnels du Qu\u00e9bec - ANPQ.Anna est une th\u00e9rapeute clinicienne en phytoth\u00e9rapie, certifi\u00e9e en Colombie-Britannique, et pratique dans tout le Canada. Elle a obtenu son dipl\u00f4me en naturopathie au Coll\u00e8ge Limoges \u00e0 Montr\u00e9al, et son dipl\u00f4me [&hellip;]","og_url":"https:\/\/hygeaherbs.com\/fr\/a-propos\/","og_site_name":"Hygea Herbs","article_publisher":"https:\/\/www.facebook.com\/profile.php?id=61564719942709","article_modified_time":"2024-11-29T22:40:48+00:00","twitter_card":"summary_large_image","twitter_misc":{"Dur\u00e9e de lecture estim\u00e9e":"3 minutes"},"schema":{"@context":"https:\/\/schema.org","@graph":[{"@type":"WebPage","@id":"https:\/\/hygeaherbs.com\/fr\/a-propos\/","url":"https:\/\/hygeaherbs.com\/fr\/a-propos\/","name":"\u00c0 propos - Hygea Herbs","isPartOf":{"@id":"https:\/\/hygeaherbs.com\/fr\/#website"},"datePublished":"2024-04-06T03:48:38+00:00","dateModified":"2024-11-29T22:40:48+00:00","breadcrumb":{"@id":"https:\/\/hygeaherbs.com\/fr\/a-propos\/#breadcrumb"},"inLanguage":"fr-FR","potentialAction":[{"@type":"ReadAction","target":["https:\/\/hygeaherbs.com\/fr\/a-propos\/"]}]},{"@type":"BreadcrumbList","@id":"https:\/\/hygeaherbs.com\/fr\/a-propos\/#breadcrumb","itemListElement":[{"@type":"ListItem","position":1,"name":"Home","item":"https:\/\/hygeaherbs.com\/fr\/"},{"@type":"ListItem","position":2,"name":"\u00c0 propos"}]},{"@type":"WebSite","@id":"https:\/\/hygeaherbs.com\/fr\/#website","url":"https:\/\/hygeaherbs.com\/fr\/","name":"Hygea Herbs","description":"Website","publisher":{"@id":"https:\/\/hygeaherbs.com\/fr\/#organization"},"potentialAction":[{"@type":"SearchAction","target":{"@type":"EntryPoint","urlTemplate":"https:\/\/hygeaherbs.com\/fr\/?s={search_term_string}"},"query-input":{"@type":"PropertyValueSpecification","valueRequired":true,"valueName":"search_term_string"}}],"inLanguage":"fr-FR"},{"@type":"Organization","@id":"https:\/\/hygeaherbs.com\/fr\/#organization","name":"Hygea Herbs","url":"https:\/\/hygeaherbs.com\/fr\/","logo":{"@type":"ImageObject","inLanguage":"fr-FR","@id":"https:\/\/hygeaherbs.com\/fr\/#\/schema\/logo\/image\/","url":"https:\/\/hygeaherbs.com\/wp-content\/uploads\/2024\/10\/hygea_favicon.jpg","contentUrl":"https:\/\/hygeaherbs.com\/wp-content\/uploads\/2024\/10\/hygea_favicon.jpg","width":512,"height":512,"caption":"Hygea Herbs"},"image":{"@id":"https:\/\/hygeaherbs.com\/fr\/#\/schema\/logo\/image\/"},"sameAs":["https:\/\/www.facebook.com\/profile.php?id=61564719942709"]}]}},"_links":{"self":[{"href":"https:\/\/hygeaherbs.com\/fr\/wp-json\/wp\/v2\/pages\/508","targetHints":{"allow":["GET"]}}],"collection":[{"href":"https:\/\/hygeaherbs.com\/fr\/wp-json\/wp\/v2\/pages"}],"about":[{"href":"https:\/\/hygeaherbs.com\/fr\/wp-json\/wp\/v2\/types\/page"}],"author":[{"embeddable":true,"href":"https:\/\/hygeaherbs.com\/fr\/wp-json\/wp\/v2\/users\/1"}],"replies":[{"embeddable":true,"href":"https:\/\/hygeaherbs.com\/fr\/wp-json\/wp\/v2\/comments?post=508"}],"version-history":[{"count":6,"href":"https:\/\/hygeaherbs.com\/fr\/wp-json\/wp\/v2\/pages\/508\/revisions"}],"predecessor-version":[{"id":1252,"href":"https:\/\/hygeaherbs.com\/fr\/wp-json\/wp\/v2\/pages\/508\/revisions\/1252"}],"wp:attachment":[{"href":"https:\/\/hygeaherbs.com\/fr\/wp-json\/wp\/v2\/media?parent=508"}],"curies":[{"name":"wp","href":"https:\/\/api.w.org\/{rel}","templated":true}]}}